{"id":59,"date":"2025-11-26T12:07:22","date_gmt":"2025-11-26T12:07:22","guid":{"rendered":"https:\/\/ifboutiquehotel.rezxs.com\/about-us\/"},"modified":"2026-02-13T12:51:56","modified_gmt":"2026-02-13T12:51:56","slug":"surroundings","status":"publish","type":"page","link":"https:\/\/ifboutiquehotel.com\/fr\/surroundings\/","title":{"rendered":"surroundings"},"content":{"rendered":"<div data-elementor-type=\"wp-page\" data-elementor-id=\"59\" class=\"elementor elementor-59\" data-elementor-post-type=\"page\">\n\t\t\t\t<div class=\"elementor-element elementor-element-29374bf9 e-flex e-con-boxed e-con e-parent\" data-id=\"29374bf9\" data-element_type=\"container\" data-e-type=\"container\" data-settings=\"{&quot;background_background&quot;:&quot;classic&quot;}\">\n\t\t\t\t\t<div class=\"e-con-inner\">\n\t\t<div class=\"elementor-element elementor-element-597001fb e-con-full e-flex e-con e-child\" data-id=\"597001fb\" data-element_type=\"container\" data-e-type=\"container\">\n\t\t\t\t<div class=\"elementor-element elementor-element-5a0fdbb4 elementor-widget elementor-widget-heading\" data-id=\"5a0fdbb4\" data-element_type=\"widget\" data-e-type=\"widget\" data-widget_type=\"heading.default\">\n\t\t\t\t\t<h2 class=\"elementor-heading-title elementor-size-default\">La rencontre de l'\u00e9l\u00e9gance et du confort<\/h2>\t\t\t\t<\/div>\n\t\t\t\t<div class=\"elementor-element elementor-element-3ac7f200 elementor-widget elementor-widget-text-editor\" data-id=\"3ac7f200\" data-element_type=\"widget\" data-e-type=\"widget\" data-widget_type=\"text-editor.default\">\n\t\t\t\t\t\t\t\t\t<p>Bienvenue \u00e0 l'h\u00f4tel IF Boutique, o\u00f9 nous red\u00e9finissons l'hospitalit\u00e9. Plongez dans un environnement serein, con\u00e7u pour la d\u00e9tente et la tranquillit\u00e9. Notre service sur mesure et nos \u00e9quipements exquis garantissent \u00e0 chaque client un s\u00e9jour inoubliable.<\/p>\t\t\t\t\t\t\t\t<\/div>\n\t\t\t\t<\/div>\n\t\t\t\t\t<\/div>\n\t\t\t\t<\/div>\n\t\t<div class=\"elementor-element elementor-element-5493af35 e-flex e-con-boxed e-con e-parent\" data-id=\"5493af35\" data-element_type=\"container\" data-e-type=\"container\" data-settings=\"{&quot;background_background&quot;:&quot;classic&quot;}\">\n\t\t\t\t\t<div class=\"e-con-inner\">\n\t\t<div class=\"elementor-element elementor-element-219110ca e-con-full e-flex e-con e-child\" data-id=\"219110ca\" data-element_type=\"container\" data-e-type=\"container\">\n\t\t\t\t<div class=\"elementor-element elementor-element-50a0c34e elementor-widget elementor-widget-heading\" data-id=\"50a0c34e\" data-element_type=\"widget\" data-e-type=\"widget\" data-widget_type=\"heading.default\">\n\t\t\t\t\t<h2 class=\"elementor-heading-title elementor-size-default\">A propos de la ville<\/h2>\t\t\t\t<\/div>\n\t\t\t\t<div class=\"elementor-element elementor-element-8fc540e elementor-widget elementor-widget-text-editor\" data-id=\"8fc540e\" data-element_type=\"widget\" data-e-type=\"widget\" data-widget_type=\"text-editor.default\">\n\t\t\t\t\t\t\t\t\t<p>Entrez dans la magie d'Amsterdam depuis notre h\u00f4tel accueillant ! Laissez-vous s\u00e9duire par l'atmosph\u00e8re unique de cette ville vibrante, o\u00f9 l'histoire, la culture et les divertissements vont de pair. Depuis notre emplacement parfait au c\u0153ur de la ville, toutes les aventures d'Amsterdam sont \u00e0 port\u00e9e de main. Pr\u00e9parez-vous \u00e0 vivre une exp\u00e9rience de voyage inoubliable !<\/p>\t\t\t\t\t\t\t\t<\/div>\n\t\t\t\t<\/div>\n\t\t<div class=\"elementor-element elementor-element-f89551 e-con-full e-flex e-con e-child\" data-id=\"f89551\" data-element_type=\"container\" data-e-type=\"container\">\n\t\t\t\t<div class=\"elementor-element elementor-element-72ff9dd3 elementor-widget elementor-widget-image\" data-id=\"72ff9dd3\" data-element_type=\"widget\" data-e-type=\"widget\" data-widget_type=\"image.default\">\n\t\t\t\t\t\t\t\t\t\t\t\t\t\t\t<img fetchpriority=\"high\" decoding=\"async\" width=\"1280\" height=\"803\" src=\"https:\/\/ifboutiquehotel.com\/wp-content\/uploads\/sites\/3\/2025\/12\/amsterdam-centraal-station-6778948_1280-1.jpg\" class=\"attachment-full size-full wp-image-360\" alt=\"\" srcset=\"https:\/\/ifboutiquehotel.com\/wp-content\/uploads\/sites\/3\/2025\/12\/amsterdam-centraal-station-6778948_1280-1.jpg 1280w, https:\/\/ifboutiquehotel.com\/wp-content\/uploads\/sites\/3\/2025\/12\/amsterdam-centraal-station-6778948_1280-1-300x188.jpg 300w, https:\/\/ifboutiquehotel.com\/wp-content\/uploads\/sites\/3\/2025\/12\/amsterdam-centraal-station-6778948_1280-1-1024x642.jpg 1024w, https:\/\/ifboutiquehotel.com\/wp-content\/uploads\/sites\/3\/2025\/12\/amsterdam-centraal-station-6778948_1280-1-768x482.jpg 768w, https:\/\/ifboutiquehotel.com\/wp-content\/uploads\/sites\/3\/2025\/12\/amsterdam-centraal-station-6778948_1280-1-18x12.jpg 18w\" sizes=\"(max-width: 1280px) 100vw, 1280px\" \/>\t\t\t\t\t\t\t\t\t\t\t\t\t\t\t<\/div>\n\t\t\t\t<\/div>\n\t\t\t\t\t<\/div>\n\t\t\t\t<\/div>\n\t\t<div class=\"elementor-element elementor-element-fbd82c8 e-flex e-con-boxed e-con e-parent\" data-id=\"fbd82c8\" data-element_type=\"container\" data-e-type=\"container\" data-settings=\"{&quot;background_background&quot;:&quot;classic&quot;}\">\n\t\t\t\t\t<div class=\"e-con-inner\">\n\t\t<div class=\"elementor-element elementor-element-b86d9bb e-con-full e-flex e-con e-child\" data-id=\"b86d9bb\" data-element_type=\"container\" data-e-type=\"container\">\n\t\t\t\t<div class=\"elementor-element elementor-element-7310966 elementor-widget elementor-widget-heading\" data-id=\"7310966\" data-element_type=\"widget\" data-e-type=\"widget\" data-widget_type=\"heading.default\">\n\t\t\t\t\t<h2 class=\"elementor-heading-title elementor-size-default\">Vue d'ensemble<\/h2>\t\t\t\t<\/div>\n\t\t\t\t<div class=\"elementor-element elementor-element-51d9d93 elementor-widget elementor-widget-text-editor\" data-id=\"51d9d93\" data-element_type=\"widget\" data-e-type=\"widget\" data-widget_type=\"text-editor.default\">\n\t\t\t\t\t\t\t\t\t<p>Pendant votre s\u00e9jour, ne manquez pas le Rijksmuseum et le mus\u00e9e Van Gogh, incontournables pour les amateurs d'art. Faites une promenade en bateau le long des canaux d'Amsterdam pour profiter d'une vue imprenable sur la ville. Le quartier historique du Jordaan offre des rues charmantes o\u00f9 il fait bon se promener. Pour les passionn\u00e9s d'histoire, la Maison d'Anne Frank est \u00e0 voir absolument. Visitez le march\u00e9 Albert Cuyp pour des produits frais et des souvenirs. Le Vondelpark est id\u00e9al pour faire du v\u00e9lo, pique-niquer et se d\u00e9tendre dans la nature. D\u00e9couvrez les activit\u00e9s vibrantes d'Amsterdam et profitez de votre s\u00e9jour parmi nous !<\/p>\t\t\t\t\t\t\t\t<\/div>\n\t\t\t\t<\/div>\n\t\t<div class=\"elementor-element elementor-element-ca145dd e-con-full e-flex e-con e-child\" data-id=\"ca145dd\" data-element_type=\"container\" data-e-type=\"container\">\n\t\t\t\t<div class=\"elementor-element elementor-element-00aa348 elementor-widget elementor-widget-image\" data-id=\"00aa348\" data-element_type=\"widget\" data-e-type=\"widget\" data-widget_type=\"image.default\">\n\t\t\t\t\t\t\t\t\t\t\t\t\t\t\t<img decoding=\"async\" width=\"1280\" height=\"819\" src=\"https:\/\/ifboutiquehotel.com\/wp-content\/uploads\/sites\/3\/2025\/12\/rijksmuseum-2127625_1280-1.jpg\" class=\"attachment-full size-full wp-image-359\" alt=\"\" srcset=\"https:\/\/ifboutiquehotel.com\/wp-content\/uploads\/sites\/3\/2025\/12\/rijksmuseum-2127625_1280-1.jpg 1280w, https:\/\/ifboutiquehotel.com\/wp-content\/uploads\/sites\/3\/2025\/12\/rijksmuseum-2127625_1280-1-300x192.jpg 300w, https:\/\/ifboutiquehotel.com\/wp-content\/uploads\/sites\/3\/2025\/12\/rijksmuseum-2127625_1280-1-1024x655.jpg 1024w, https:\/\/ifboutiquehotel.com\/wp-content\/uploads\/sites\/3\/2025\/12\/rijksmuseum-2127625_1280-1-768x491.jpg 768w, https:\/\/ifboutiquehotel.com\/wp-content\/uploads\/sites\/3\/2025\/12\/rijksmuseum-2127625_1280-1-18x12.jpg 18w\" sizes=\"(max-width: 1280px) 100vw, 1280px\" \/>\t\t\t\t\t\t\t\t\t\t\t\t\t\t\t<\/div>\n\t\t\t\t<\/div>\n\t\t\t\t\t<\/div>\n\t\t\t\t<\/div>\n\t\t<div class=\"elementor-element elementor-element-cdaf038 e-flex e-con-boxed e-con e-parent\" data-id=\"cdaf038\" data-element_type=\"container\" data-e-type=\"container\">\n\t\t\t\t\t<div class=\"e-con-inner\">\n\t\t\t\t<div class=\"elementor-element elementor-element-c4b640c elementor-widget elementor-widget-heading\" data-id=\"c4b640c\" data-element_type=\"widget\" data-e-type=\"widget\" data-widget_type=\"heading.default\">\n\t\t\t\t\t<h2 class=\"elementor-heading-title elementor-size-default\">Restaurants<\/h2>\t\t\t\t<\/div>\n\t\t\t\t<div class=\"elementor-element elementor-element-f9ba8aa elementor-widget elementor-widget-text-editor\" data-id=\"f9ba8aa\" data-element_type=\"widget\" data-e-type=\"widget\" data-widget_type=\"text-editor.default\">\n\t\t\t\t\t\t\t\t\t<p>Si vous \u00eates \u00e0 la recherche d'options de restauration amusantes et d\u00e9licieuses \u00e0 Amsterdam, vous n'avez pas \u00e0 chercher bien loin. La ville regorge de caf\u00e9s, de restaurants et d'\u00e9tablissements accueillants o\u00f9 vous pourrez d\u00e9guster de bons plats et de bonnes boissons.<\/p><p>Un endroit \u00e0 visiter absolument est De Foodhallen, situ\u00e9 dans un ancien d\u00e9p\u00f4t de tramway \u00e0 Amsterdam West. Vous y trouverez une grande vari\u00e9t\u00e9 d'\u00e9tals proposant de d\u00e9licieux plats et boissons du monde entier. Des sushis aux hamburgers, des gin-tonics aux bi\u00e8res artisanales, vous trouverez de tout ici.<\/p><p><a href=\"https:\/\/foodhallen.nl\">https:\/\/foodhallen.nl<\/a><\/p><p>Un autre endroit id\u00e9al est Pllek, situ\u00e9 dans le quartier cr\u00e9atif NDSM d'Amsterdam Noord. Vous pouvez y d\u00e9guster de d\u00e9licieux plats et boissons tout en admirant la vue sur l'IJ. De plus, des \u00e9v\u00e9nements y sont r\u00e9guli\u00e8rement organis\u00e9s, tels que des concerts et des f\u00eates.<br \/><br \/><a href=\"https:\/\/pllek.nl\">https:\/\/pllek.nl<\/a><\/p><p>Pour une exp\u00e9rience vraiment sp\u00e9ciale, vous pouvez vous rendre au restaurant C, situ\u00e9 dans le centre historique d'Amsterdam. Vous y d\u00e9gusterez un menu exclusif de six plats pr\u00e9par\u00e9 par le chef Michiel van der Eerde. Le menu change r\u00e9guli\u00e8rement et s'inspire des saisons et des ingr\u00e9dients locaux.<\/p><p><a href=\"https:\/\/www.opentable.nl\/r\/restaurant-c-amsterdam\">https:\/\/www.opentable.nl\/r\/restaurant-c-amsterdam<\/a><\/p><p>Ce ne sont l\u00e0 que quelques exemples des nombreuses options de restauration amusantes et d\u00e9licieuses \u00e0 Amsterdam. Que vous soyez \u00e0 la recherche d'une bouch\u00e9e rapide ou d'un repas complet, il y a quelque chose pour tout le monde dans cette ville vibrante.<\/p>\t\t\t\t\t\t\t\t<\/div>\n\t\t\t\t\t<\/div>\n\t\t\t\t<\/div>\n\t\t<div class=\"elementor-element elementor-element-3f377831 e-flex e-con-boxed e-con e-parent\" data-id=\"3f377831\" data-element_type=\"container\" data-e-type=\"container\" data-settings=\"{&quot;background_background&quot;:&quot;classic&quot;}\">\n\t\t\t\t\t<div class=\"e-con-inner\">\n\t\t<div class=\"elementor-element elementor-element-67735411 e-con-full e-flex e-con e-child\" data-id=\"67735411\" data-element_type=\"container\" data-e-type=\"container\">\n\t\t\t\t<div class=\"elementor-element elementor-element-1a1e220e elementor-widget elementor-widget-heading\" data-id=\"1a1e220e\" data-element_type=\"widget\" data-e-type=\"widget\" data-widget_type=\"heading.default\">\n\t\t\t\t\t<h4 class=\"elementor-heading-title elementor-size-default\">Faites l'exp\u00e9rience de la paix et du confort dans l'h\u00f4tel IF Boutique<\/h4>\t\t\t\t<\/div>\n\t\t\t\t<div class=\"elementor-element elementor-element-1638dfdf elementor-widget elementor-widget-text-editor\" data-id=\"1638dfdf\" data-element_type=\"widget\" data-e-type=\"widget\" data-widget_type=\"text-editor.default\">\n\t\t\t\t\t\t\t\t\t<p>R\u00e9servez d\u00e8s aujourd'hui votre escapade inoubliable.<\/p>\t\t\t\t\t\t\t\t<\/div>\n\t\t\t\t<\/div>\n\t\t<div class=\"elementor-element elementor-element-35b4f2ad e-flex e-con-boxed e-con e-child\" data-id=\"35b4f2ad\" data-element_type=\"container\" data-e-type=\"container\">\n\t\t\t\t\t<div class=\"e-con-inner\">\n\t\t\t\t<div class=\"elementor-element elementor-element-5ad14c84 elementor-widget__width-auto elementor-mobile-align-center dynamische-boek-knop elementor-widget elementor-widget-button\" data-id=\"5ad14c84\" data-element_type=\"widget\" data-e-type=\"widget\" data-widget_type=\"button.default\">\n\t\t\t\t\t\t\t\t\t\t<a class=\"elementor-button elementor-button-link elementor-size-sm\" href=\"#\">\n\t\t\t\t\t\t<span class=\"elementor-button-content-wrapper\">\n\t\t\t\t\t\t\t\t\t<span class=\"elementor-button-text\">R\u00e9server maintenant<\/span>\n\t\t\t\t\t<\/span>\n\t\t\t\t\t<\/a>\n\t\t\t\t\t\t\t\t<\/div>\n\t\t\t\t\t<\/div>\n\t\t\t\t<\/div>\n\t\t\t\t\t<\/div>\n\t\t\t\t<\/div>\n\t\t<div class=\"elementor-element elementor-element-11e73ed e-flex e-con-boxed e-con e-parent\" data-id=\"11e73ed\" data-element_type=\"container\" data-e-type=\"container\">\n\t\t\t\t\t<div class=\"e-con-inner\">\n\t\t\t\t<div class=\"elementor-element elementor-element-22c9e34 elementor-widget elementor-widget-global elementor-global-657 elementor-widget-html\" data-id=\"22c9e34\" data-element_type=\"widget\" data-e-type=\"widget\" data-widget_type=\"html.default\">\n\t\t\t\t\t<script async\n  src=\"https:\/\/webchat.runnr.ai\/chat\/chat-widget.js\"\n  type=\"application\/javascript\"\n  data-widget=\"chat\"\n  data-title=\"Chat with If boutique hotel\"\n  data-btn-title=\"Chat with us\"\n  data-primary-color=\"#C1AD7B\"\n  crossorigin=\"anonymous\">\n<\/script>\t\t\t\t<\/div>\n\t\t\t\t\t<\/div>\n\t\t\t\t<\/div>\n\t\t\t\t<\/div>","protected":false},"excerpt":{"rendered":"<p>Where elegance and comfort meet Welcome to IF Boutique hotel, where we redefine hospitality. Immerse yourself in a serene environment, expertly designed for relaxation and tranquility. Our bespoke service and exquisite amenities guarantee an unforgettable stay for every guest. About the city Step into the magic of Amsterdam from our welcoming hotel! Let yourself be [&hellip;]<\/p>\n","protected":false},"author":1,"featured_media":0,"parent":0,"menu_order":0,"comment_status":"closed","ping_status":"closed","template":"","meta":{"footnotes":""},"class_list":["post-59","page","type-page","status-publish","hentry"],"yoast_head":"<!-- This site is optimized with the Yoast SEO plugin v27.3 - https:\/\/yoast.com\/product\/yoast-seo-wordpress\/ -->\n<title>surroundings - ifboutiquehotel<\/title>\n<meta name=\"robots\" content=\"index, follow, max-snippet:-1, max-image-preview:large, max-video-preview:-1\" \/>\n<link rel=\"canonical\" href=\"https:\/\/ifboutiquehotel.com\/fr\/surroundings\/\" \/>\n<meta property=\"og:locale\" content=\"fr_FR\" \/>\n<meta property=\"og:type\" content=\"article\" \/>\n<meta property=\"og:title\" content=\"surroundings - ifboutiquehotel\" \/>\n<meta property=\"og:description\" content=\"Where elegance and comfort meet Welcome to IF Boutique hotel, where we redefine hospitality. Immerse yourself in a serene environment, expertly designed for relaxation and tranquility. Our bespoke service and exquisite amenities guarantee an unforgettable stay for every guest. About the city Step into the magic of Amsterdam from our welcoming hotel! Let yourself be [&hellip;]\" \/>\n<meta property=\"og:url\" content=\"https:\/\/ifboutiquehotel.com\/fr\/surroundings\/\" \/>\n<meta property=\"og:site_name\" content=\"ifboutiquehotel\" \/>\n<meta property=\"article:modified_time\" content=\"2026-02-13T12:51:56+00:00\" \/>\n<meta property=\"og:image\" content=\"https:\/\/ifboutiquehotel.rezxs.com\/wp-content\/uploads\/sites\/3\/2025\/12\/amsterdam-centraal-station-6778948_1280-1.jpg\" \/>\n<meta name=\"twitter:card\" content=\"summary_large_image\" \/>\n<meta name=\"twitter:label1\" content=\"Dur\u00e9e de lecture estim\u00e9e\" \/>\n\t<meta name=\"twitter:data1\" content=\"2 minutes\" \/>\n<script type=\"application\/ld+json\" class=\"yoast-schema-graph\">{\"@context\":\"https:\\\/\\\/schema.org\",\"@graph\":[{\"@type\":\"WebPage\",\"@id\":\"https:\\\/\\\/ifboutiquehotel.com\\\/surroundings\\\/\",\"url\":\"https:\\\/\\\/ifboutiquehotel.com\\\/surroundings\\\/\",\"name\":\"surroundings - ifboutiquehotel\",\"isPartOf\":{\"@id\":\"https:\\\/\\\/ifboutiquehotel.com\\\/#website\"},\"primaryImageOfPage\":{\"@id\":\"https:\\\/\\\/ifboutiquehotel.com\\\/surroundings\\\/#primaryimage\"},\"image\":{\"@id\":\"https:\\\/\\\/ifboutiquehotel.com\\\/surroundings\\\/#primaryimage\"},\"thumbnailUrl\":\"https:\\\/\\\/ifboutiquehotel.rezxs.com\\\/wp-content\\\/uploads\\\/sites\\\/3\\\/2025\\\/12\\\/amsterdam-centraal-station-6778948_1280-1.jpg\",\"datePublished\":\"2025-11-26T12:07:22+00:00\",\"dateModified\":\"2026-02-13T12:51:56+00:00\",\"breadcrumb\":{\"@id\":\"https:\\\/\\\/ifboutiquehotel.com\\\/surroundings\\\/#breadcrumb\"},\"inLanguage\":\"fr-FR\",\"potentialAction\":[{\"@type\":\"ReadAction\",\"target\":[\"https:\\\/\\\/ifboutiquehotel.com\\\/surroundings\\\/\"]}]},{\"@type\":\"ImageObject\",\"inLanguage\":\"fr-FR\",\"@id\":\"https:\\\/\\\/ifboutiquehotel.com\\\/surroundings\\\/#primaryimage\",\"url\":\"https:\\\/\\\/ifboutiquehotel.rezxs.com\\\/wp-content\\\/uploads\\\/sites\\\/3\\\/2025\\\/12\\\/amsterdam-centraal-station-6778948_1280-1.jpg\",\"contentUrl\":\"https:\\\/\\\/ifboutiquehotel.rezxs.com\\\/wp-content\\\/uploads\\\/sites\\\/3\\\/2025\\\/12\\\/amsterdam-centraal-station-6778948_1280-1.jpg\"},{\"@type\":\"BreadcrumbList\",\"@id\":\"https:\\\/\\\/ifboutiquehotel.com\\\/surroundings\\\/#breadcrumb\",\"itemListElement\":[{\"@type\":\"ListItem\",\"position\":1,\"name\":\"Home\",\"item\":\"https:\\\/\\\/ifboutiquehotel.com\\\/\"},{\"@type\":\"ListItem\",\"position\":2,\"name\":\"surroundings\"}]},{\"@type\":\"WebSite\",\"@id\":\"https:\\\/\\\/ifboutiquehotel.com\\\/#website\",\"url\":\"https:\\\/\\\/ifboutiquehotel.com\\\/\",\"name\":\"ifboutiquehotel\",\"description\":\"\",\"publisher\":{\"@id\":\"https:\\\/\\\/ifboutiquehotel.com\\\/#organization\"},\"potentialAction\":[{\"@type\":\"SearchAction\",\"target\":{\"@type\":\"EntryPoint\",\"urlTemplate\":\"https:\\\/\\\/ifboutiquehotel.com\\\/?s={search_term_string}\"},\"query-input\":{\"@type\":\"PropertyValueSpecification\",\"valueRequired\":true,\"valueName\":\"search_term_string\"}}],\"inLanguage\":\"fr-FR\"},{\"@type\":\"Organization\",\"@id\":\"https:\\\/\\\/ifboutiquehotel.com\\\/#organization\",\"name\":\"ifboutiquehotel\",\"url\":\"https:\\\/\\\/ifboutiquehotel.com\\\/\",\"logo\":{\"@type\":\"ImageObject\",\"inLanguage\":\"fr-FR\",\"@id\":\"https:\\\/\\\/ifboutiquehotel.com\\\/#\\\/schema\\\/logo\\\/image\\\/\",\"url\":\"https:\\\/\\\/ifboutiquehotel.com\\\/wp-content\\\/uploads\\\/sites\\\/3\\\/2025\\\/11\\\/imgi_1_site-logo.svg\",\"contentUrl\":\"https:\\\/\\\/ifboutiquehotel.com\\\/wp-content\\\/uploads\\\/sites\\\/3\\\/2025\\\/11\\\/imgi_1_site-logo.svg\",\"width\":438,\"height\":576,\"caption\":\"ifboutiquehotel\"},\"image\":{\"@id\":\"https:\\\/\\\/ifboutiquehotel.com\\\/#\\\/schema\\\/logo\\\/image\\\/\"}}]}<\/script>\n<!-- \/ Yoast SEO plugin. -->","yoast_head_json":{"title":"surroundings - ifboutiquehotel","robots":{"index":"index","follow":"follow","max-snippet":"max-snippet:-1","max-image-preview":"max-image-preview:large","max-video-preview":"max-video-preview:-1"},"canonical":"https:\/\/ifboutiquehotel.com\/fr\/surroundings\/","og_locale":"fr_FR","og_type":"article","og_title":"surroundings - ifboutiquehotel","og_description":"Where elegance and comfort meet Welcome to IF Boutique hotel, where we redefine hospitality. Immerse yourself in a serene environment, expertly designed for relaxation and tranquility. Our bespoke service and exquisite amenities guarantee an unforgettable stay for every guest. About the city Step into the magic of Amsterdam from our welcoming hotel! Let yourself be [&hellip;]","og_url":"https:\/\/ifboutiquehotel.com\/fr\/surroundings\/","og_site_name":"ifboutiquehotel","article_modified_time":"2026-02-13T12:51:56+00:00","og_image":[{"url":"https:\/\/ifboutiquehotel.rezxs.com\/wp-content\/uploads\/sites\/3\/2025\/12\/amsterdam-centraal-station-6778948_1280-1.jpg","type":"","width":"","height":""}],"twitter_card":"summary_large_image","twitter_misc":{"Dur\u00e9e de lecture estim\u00e9e":"2 minutes"},"schema":{"@context":"https:\/\/schema.org","@graph":[{"@type":"WebPage","@id":"https:\/\/ifboutiquehotel.com\/surroundings\/","url":"https:\/\/ifboutiquehotel.com\/surroundings\/","name":"surroundings - ifboutiquehotel","isPartOf":{"@id":"https:\/\/ifboutiquehotel.com\/#website"},"primaryImageOfPage":{"@id":"https:\/\/ifboutiquehotel.com\/surroundings\/#primaryimage"},"image":{"@id":"https:\/\/ifboutiquehotel.com\/surroundings\/#primaryimage"},"thumbnailUrl":"https:\/\/ifboutiquehotel.rezxs.com\/wp-content\/uploads\/sites\/3\/2025\/12\/amsterdam-centraal-station-6778948_1280-1.jpg","datePublished":"2025-11-26T12:07:22+00:00","dateModified":"2026-02-13T12:51:56+00:00","breadcrumb":{"@id":"https:\/\/ifboutiquehotel.com\/surroundings\/#breadcrumb"},"inLanguage":"fr-FR","potentialAction":[{"@type":"ReadAction","target":["https:\/\/ifboutiquehotel.com\/surroundings\/"]}]},{"@type":"ImageObject","inLanguage":"fr-FR","@id":"https:\/\/ifboutiquehotel.com\/surroundings\/#primaryimage","url":"https:\/\/ifboutiquehotel.rezxs.com\/wp-content\/uploads\/sites\/3\/2025\/12\/amsterdam-centraal-station-6778948_1280-1.jpg","contentUrl":"https:\/\/ifboutiquehotel.rezxs.com\/wp-content\/uploads\/sites\/3\/2025\/12\/amsterdam-centraal-station-6778948_1280-1.jpg"},{"@type":"BreadcrumbList","@id":"https:\/\/ifboutiquehotel.com\/surroundings\/#breadcrumb","itemListElement":[{"@type":"ListItem","position":1,"name":"Home","item":"https:\/\/ifboutiquehotel.com\/"},{"@type":"ListItem","position":2,"name":"surroundings"}]},{"@type":"WebSite","@id":"https:\/\/ifboutiquehotel.com\/#website","url":"https:\/\/ifboutiquehotel.com\/","name":"ifboutiquehotel","description":"","publisher":{"@id":"https:\/\/ifboutiquehotel.com\/#organization"},"potentialAction":[{"@type":"SearchAction","target":{"@type":"EntryPoint","urlTemplate":"https:\/\/ifboutiquehotel.com\/?s={search_term_string}"},"query-input":{"@type":"PropertyValueSpecification","valueRequired":true,"valueName":"search_term_string"}}],"inLanguage":"fr-FR"},{"@type":"Organization","@id":"https:\/\/ifboutiquehotel.com\/#organization","name":"ifboutiquehotel","url":"https:\/\/ifboutiquehotel.com\/","logo":{"@type":"ImageObject","inLanguage":"fr-FR","@id":"https:\/\/ifboutiquehotel.com\/#\/schema\/logo\/image\/","url":"https:\/\/ifboutiquehotel.com\/wp-content\/uploads\/sites\/3\/2025\/11\/imgi_1_site-logo.svg","contentUrl":"https:\/\/ifboutiquehotel.com\/wp-content\/uploads\/sites\/3\/2025\/11\/imgi_1_site-logo.svg","width":438,"height":576,"caption":"ifboutiquehotel"},"image":{"@id":"https:\/\/ifboutiquehotel.com\/#\/schema\/logo\/image\/"}}]}},"_links":{"self":[{"href":"https:\/\/ifboutiquehotel.com\/fr\/wp-json\/wp\/v2\/pages\/59","targetHints":{"allow":["GET"]}}],"collection":[{"href":"https:\/\/ifboutiquehotel.com\/fr\/wp-json\/wp\/v2\/pages"}],"about":[{"href":"https:\/\/ifboutiquehotel.com\/fr\/wp-json\/wp\/v2\/types\/page"}],"author":[{"embeddable":true,"href":"https:\/\/ifboutiquehotel.com\/fr\/wp-json\/wp\/v2\/users\/1"}],"replies":[{"embeddable":true,"href":"https:\/\/ifboutiquehotel.com\/fr\/wp-json\/wp\/v2\/comments?post=59"}],"version-history":[{"count":35,"href":"https:\/\/ifboutiquehotel.com\/fr\/wp-json\/wp\/v2\/pages\/59\/revisions"}],"predecessor-version":[{"id":683,"href":"https:\/\/ifboutiquehotel.com\/fr\/wp-json\/wp\/v2\/pages\/59\/revisions\/683"}],"wp:attachment":[{"href":"https:\/\/ifboutiquehotel.com\/fr\/wp-json\/wp\/v2\/media?parent=59"}],"curies":[{"name":"wp","href":"https:\/\/api.w.org\/{rel}","templated":true}]}}