{"id":431,"date":"2025-12-07T16:29:46","date_gmt":"2025-12-07T16:29:46","guid":{"rendered":"https:\/\/ifboutiquehotel.rezxs.com\/?page_id=431"},"modified":"2026-02-13T12:50:36","modified_gmt":"2026-02-13T12:50:36","slug":"cookies","status":"publish","type":"page","link":"https:\/\/ifboutiquehotel.com\/fr\/cookies\/","title":{"rendered":"Cookie Beleid"},"content":{"rendered":"<div data-elementor-type=\"wp-page\" data-elementor-id=\"431\" class=\"elementor elementor-431\" data-elementor-post-type=\"page\">\n\t\t\t\t<div class=\"elementor-element elementor-element-bee494a e-flex e-con-boxed e-con e-parent\" data-id=\"bee494a\" data-element_type=\"container\" data-e-type=\"container\">\n\t\t\t\t\t<div class=\"e-con-inner\">\n\t\t\t\t<div class=\"elementor-element elementor-element-6a056dd elementor-widget elementor-widget-text-editor\" data-id=\"6a056dd\" data-element_type=\"widget\" data-e-type=\"widget\" data-widget_type=\"text-editor.default\">\n\t\t\t\t\t\t\t\t\t<p>Cookiebeleid voor IfBoutiquehotel.nl<br \/>Date limite d'utilisation : 07\/12\/2025<\/p><p>1. Quels sont les cookies ?<br \/>Sur le site web de IfBoutiquehotel.nl, nous utilisons des cookies et des techniques similaires. Un cookie est un petit dispositif technique tr\u00e8s utile qui est utilis\u00e9 lors d'une recherche sur notre site Web sur le disque dur de votre ordinateur, de votre tablette ou de votre t\u00e9l\u00e9phone. Les informations contenues dans ce site peuvent, par un simple clic, \u00eatre transmises \u00e0 nos serveurs ou \u00e0 ceux des parties concern\u00e9es, ce qui les rend inutilisables.<\/p><p>2. Quels sont les cookies que nous utilisons ?<br \/>Nous faisons la distinction entre plusieurs types de cookies :<\/p><p>A. Functionele (Noodzakelijke) Cookies<br \/>Ces cookies sont des outils techniques indispensables au bon fonctionnement du site web. Sans ces cookies, le site ne fonctionne pas de mani\u00e8re optimale.<\/p><p>Doel : Bijvoorbeeld het onthouden van je taalinstellingen, je geselecteerde verblijfsdata in de zoekbalk, of de inhoud van je winkelmandje tijdens het boekingsprocess.<\/p><p>Toestemming : Pour ces cookies, il n'y a pas d'obligation d'achat.<\/p><p>B. Cookies analytiques<br \/>Ces cookies nous permettent d'am\u00e9liorer l'utilisation de notre site web. Ils nous permettent \u00e9galement d'am\u00e9liorer la qualit\u00e9 et l'efficacit\u00e9 de notre site.<\/p><p>Google Analytics : Nous utilisons Google Analytics pour conna\u00eetre le nombre de visiteurs de notre site web (y compris les pages les plus visit\u00e9es). Nous avons int\u00e9gr\u00e9 Google Analytics dans le respect de la vie priv\u00e9e, conform\u00e9ment \u00e0 la d\u00e9cision de l'Autorit\u00e9 de protection des donn\u00e9es personnelles.<\/p><p>Avis de non-responsabilit\u00e9 : Les donn\u00e9es sont automatiquement supprim\u00e9es apr\u00e8s un certain nombre de jours.<\/p><p>C. Cookies de marketing et de suivi<br \/>Ces cookies sont utilis\u00e9s pour que les utilisateurs puissent acc\u00e9der aux diff\u00e9rents sites web. L'objectif est de diffuser des publicit\u00e9s qui sont adapt\u00e9es et pertinentes pour chaque utilisateur.<\/p><p>M\u00e9dias sociaux : Sur notre site web, des boutons peuvent \u00eatre utilis\u00e9s pour promouvoir (liker) ou diffuser les pages web sur les r\u00e9seaux sociaux tels qu'Instagram et Facebook. Ces boutons sont cr\u00e9\u00e9s \u00e0 l'aide d'un code d'\u00e9l\u00e9ments de ces m\u00e9dias sociaux qui sont eux-m\u00eames accessibles. Au milieu de ce code, des cookies sont d\u00e9pos\u00e9s.<\/p><p>Utilisation : Nous pla\u00e7ons ces cookies uniquement lorsque vous en avez re\u00e7u l'autorisation explicite par le biais d'une banni\u00e8re de cookie.<\/p><p>3. Le syst\u00e8me de r\u00e9servation<br \/>Lorsque vous r\u00e9servez une chambre, consultez notre page d'accueil et acc\u00e9dez \u00e0 notre moteur de r\u00e9servation (Mews, SmartHotel ou tout autre syst\u00e8me). Ces parties utilisent \u00e9galement des cookies pour que la r\u00e9servation soit correcte et transparente.<\/p><p>4. Inclusion et utilisation de cookies<br \/>Lors de votre premi\u00e8re visite sur notre site web, nous vous informons sur ces cookies et nous vous offrons un moyen de les utiliser (par le biais d'une banni\u00e8re de cookie).<\/p><p>Votre navigateur Internet doit \u00eatre configur\u00e9 de mani\u00e8re \u00e0 ce que ces cookies ne soient pas utilis\u00e9s. Par ailleurs, vous pouvez \u00e9galement obtenir toutes les informations qui sont \u00e9galement accessibles via les instructions de votre navigateur.<\/p><p>Chrome<\/p><p>Firefox<\/p><p>Safari<\/p><p>Bord<\/p><p>Laisser faire : Si vous utilisez des cookies, certaines fonctions (comme l'ajout d'un produit) ne peuvent plus fonctionner correctement.<\/p><p>5. Wijzigingen<br \/>Nous pouvons utiliser ce cookie de jour en jour, m\u00eame si notre site web ou le r\u00e8glement relatif aux cookies l'exige. Nous vous invitons \u00e0 consulter r\u00e9guli\u00e8rement cette page.<\/p><p>6. Contact<br \/>Vous avez des questions sur nos produits ? N'h\u00e9sitez pas \u00e0 nous contacter.<\/p>\t\t\t\t\t\t\t\t<\/div>\n\t\t\t\t\t<\/div>\n\t\t\t\t<\/div>\n\t\t<div class=\"elementor-element elementor-element-b6e9c3a e-flex e-con-boxed e-con e-parent\" data-id=\"b6e9c3a\" data-element_type=\"container\" data-e-type=\"container\">\n\t\t\t\t\t<div class=\"e-con-inner\">\n\t\t\t\t<div class=\"elementor-element elementor-element-65cf0b6 elementor-widget elementor-widget-global elementor-global-657 elementor-widget-html\" data-id=\"65cf0b6\" data-element_type=\"widget\" data-e-type=\"widget\" data-widget_type=\"html.default\">\n\t\t\t\t\t<script async\n  src=\"https:\/\/webchat.runnr.ai\/chat\/chat-widget.js\"\n  type=\"application\/javascript\"\n  data-widget=\"chat\"\n  data-title=\"Chat with If boutique hotel\"\n  data-btn-title=\"Chat with us\"\n  data-primary-color=\"#C1AD7B\"\n  crossorigin=\"anonymous\">\n<\/script>\t\t\t\t<\/div>\n\t\t\t\t\t<\/div>\n\t\t\t\t<\/div>\n\t\t\t\t<\/div>","protected":false},"excerpt":{"rendered":"<p>Cookiebeleid voor IfBoutiquehotel.nlLaatst bijgewerkt op: 07\/12\/2025 1. Wat zijn cookies?Op de website van IfBoutiquehotel.nl maken wij gebruik van cookies en vergelijkbare technieken. Een cookie is een klein, eenvoudig tekstbestandje dat bij een bezoek aan onze website op de harde schijf van je computer, tablet of telefoon wordt opgeslagen. De daarin opgeslagen informatie kan bij een [&hellip;]<\/p>\n","protected":false},"author":1,"featured_media":0,"parent":0,"menu_order":0,"comment_status":"closed","ping_status":"closed","template":"","meta":{"footnotes":""},"class_list":["post-431","page","type-page","status-publish","hentry"],"yoast_head":"<!-- This site is optimized with the Yoast SEO plugin v27.3 - https:\/\/yoast.com\/product\/yoast-seo-wordpress\/ -->\n<title>Cookie Beleid - ifboutiquehotel<\/title>\n<meta name=\"robots\" content=\"index, follow, max-snippet:-1, max-image-preview:large, max-video-preview:-1\" \/>\n<link rel=\"canonical\" href=\"https:\/\/ifboutiquehotel.com\/fr\/cookies\/\" \/>\n<meta property=\"og:locale\" content=\"fr_FR\" \/>\n<meta property=\"og:type\" content=\"article\" \/>\n<meta property=\"og:title\" content=\"Cookie Beleid - ifboutiquehotel\" \/>\n<meta property=\"og:description\" content=\"Cookiebeleid voor IfBoutiquehotel.nlLaatst bijgewerkt op: 07\/12\/2025 1. Wat zijn cookies?Op de website van IfBoutiquehotel.nl maken wij gebruik van cookies en vergelijkbare technieken. Een cookie is een klein, eenvoudig tekstbestandje dat bij een bezoek aan onze website op de harde schijf van je computer, tablet of telefoon wordt opgeslagen. De daarin opgeslagen informatie kan bij een [&hellip;]\" \/>\n<meta property=\"og:url\" content=\"https:\/\/ifboutiquehotel.com\/fr\/cookies\/\" \/>\n<meta property=\"og:site_name\" content=\"ifboutiquehotel\" \/>\n<meta property=\"article:modified_time\" content=\"2026-02-13T12:50:36+00:00\" \/>\n<meta name=\"twitter:card\" content=\"summary_large_image\" \/>\n<meta name=\"twitter:label1\" content=\"Dur\u00e9e de lecture estim\u00e9e\" \/>\n\t<meta name=\"twitter:data1\" content=\"3 minutes\" \/>\n<script type=\"application\/ld+json\" class=\"yoast-schema-graph\">{\"@context\":\"https:\\\/\\\/schema.org\",\"@graph\":[{\"@type\":\"WebPage\",\"@id\":\"https:\\\/\\\/ifboutiquehotel.com\\\/cookies\\\/\",\"url\":\"https:\\\/\\\/ifboutiquehotel.com\\\/cookies\\\/\",\"name\":\"Cookie Beleid - ifboutiquehotel\",\"isPartOf\":{\"@id\":\"https:\\\/\\\/ifboutiquehotel.com\\\/#website\"},\"datePublished\":\"2025-12-07T16:29:46+00:00\",\"dateModified\":\"2026-02-13T12:50:36+00:00\",\"breadcrumb\":{\"@id\":\"https:\\\/\\\/ifboutiquehotel.com\\\/cookies\\\/#breadcrumb\"},\"inLanguage\":\"fr-FR\",\"potentialAction\":[{\"@type\":\"ReadAction\",\"target\":[\"https:\\\/\\\/ifboutiquehotel.com\\\/cookies\\\/\"]}]},{\"@type\":\"BreadcrumbList\",\"@id\":\"https:\\\/\\\/ifboutiquehotel.com\\\/cookies\\\/#breadcrumb\",\"itemListElement\":[{\"@type\":\"ListItem\",\"position\":1,\"name\":\"Home\",\"item\":\"https:\\\/\\\/ifboutiquehotel.com\\\/\"},{\"@type\":\"ListItem\",\"position\":2,\"name\":\"Cookie Beleid\"}]},{\"@type\":\"WebSite\",\"@id\":\"https:\\\/\\\/ifboutiquehotel.com\\\/#website\",\"url\":\"https:\\\/\\\/ifboutiquehotel.com\\\/\",\"name\":\"ifboutiquehotel\",\"description\":\"\",\"publisher\":{\"@id\":\"https:\\\/\\\/ifboutiquehotel.com\\\/#organization\"},\"potentialAction\":[{\"@type\":\"SearchAction\",\"target\":{\"@type\":\"EntryPoint\",\"urlTemplate\":\"https:\\\/\\\/ifboutiquehotel.com\\\/?s={search_term_string}\"},\"query-input\":{\"@type\":\"PropertyValueSpecification\",\"valueRequired\":true,\"valueName\":\"search_term_string\"}}],\"inLanguage\":\"fr-FR\"},{\"@type\":\"Organization\",\"@id\":\"https:\\\/\\\/ifboutiquehotel.com\\\/#organization\",\"name\":\"ifboutiquehotel\",\"url\":\"https:\\\/\\\/ifboutiquehotel.com\\\/\",\"logo\":{\"@type\":\"ImageObject\",\"inLanguage\":\"fr-FR\",\"@id\":\"https:\\\/\\\/ifboutiquehotel.com\\\/#\\\/schema\\\/logo\\\/image\\\/\",\"url\":\"https:\\\/\\\/ifboutiquehotel.com\\\/wp-content\\\/uploads\\\/sites\\\/3\\\/2025\\\/11\\\/imgi_1_site-logo.svg\",\"contentUrl\":\"https:\\\/\\\/ifboutiquehotel.com\\\/wp-content\\\/uploads\\\/sites\\\/3\\\/2025\\\/11\\\/imgi_1_site-logo.svg\",\"width\":438,\"height\":576,\"caption\":\"ifboutiquehotel\"},\"image\":{\"@id\":\"https:\\\/\\\/ifboutiquehotel.com\\\/#\\\/schema\\\/logo\\\/image\\\/\"}}]}<\/script>\n<!-- \/ Yoast SEO plugin. -->","yoast_head_json":{"title":"Cookie Beleid - ifboutiquehotel","robots":{"index":"index","follow":"follow","max-snippet":"max-snippet:-1","max-image-preview":"max-image-preview:large","max-video-preview":"max-video-preview:-1"},"canonical":"https:\/\/ifboutiquehotel.com\/fr\/cookies\/","og_locale":"fr_FR","og_type":"article","og_title":"Cookie Beleid - ifboutiquehotel","og_description":"Cookiebeleid voor IfBoutiquehotel.nlLaatst bijgewerkt op: 07\/12\/2025 1. Wat zijn cookies?Op de website van IfBoutiquehotel.nl maken wij gebruik van cookies en vergelijkbare technieken. Een cookie is een klein, eenvoudig tekstbestandje dat bij een bezoek aan onze website op de harde schijf van je computer, tablet of telefoon wordt opgeslagen. De daarin opgeslagen informatie kan bij een [&hellip;]","og_url":"https:\/\/ifboutiquehotel.com\/fr\/cookies\/","og_site_name":"ifboutiquehotel","article_modified_time":"2026-02-13T12:50:36+00:00","twitter_card":"summary_large_image","twitter_misc":{"Dur\u00e9e de lecture estim\u00e9e":"3 minutes"},"schema":{"@context":"https:\/\/schema.org","@graph":[{"@type":"WebPage","@id":"https:\/\/ifboutiquehotel.com\/cookies\/","url":"https:\/\/ifboutiquehotel.com\/cookies\/","name":"Cookie Beleid - ifboutiquehotel","isPartOf":{"@id":"https:\/\/ifboutiquehotel.com\/#website"},"datePublished":"2025-12-07T16:29:46+00:00","dateModified":"2026-02-13T12:50:36+00:00","breadcrumb":{"@id":"https:\/\/ifboutiquehotel.com\/cookies\/#breadcrumb"},"inLanguage":"fr-FR","potentialAction":[{"@type":"ReadAction","target":["https:\/\/ifboutiquehotel.com\/cookies\/"]}]},{"@type":"BreadcrumbList","@id":"https:\/\/ifboutiquehotel.com\/cookies\/#breadcrumb","itemListElement":[{"@type":"ListItem","position":1,"name":"Home","item":"https:\/\/ifboutiquehotel.com\/"},{"@type":"ListItem","position":2,"name":"Cookie Beleid"}]},{"@type":"WebSite","@id":"https:\/\/ifboutiquehotel.com\/#website","url":"https:\/\/ifboutiquehotel.com\/","name":"ifboutiquehotel","description":"","publisher":{"@id":"https:\/\/ifboutiquehotel.com\/#organization"},"potentialAction":[{"@type":"SearchAction","target":{"@type":"EntryPoint","urlTemplate":"https:\/\/ifboutiquehotel.com\/?s={search_term_string}"},"query-input":{"@type":"PropertyValueSpecification","valueRequired":true,"valueName":"search_term_string"}}],"inLanguage":"fr-FR"},{"@type":"Organization","@id":"https:\/\/ifboutiquehotel.com\/#organization","name":"ifboutiquehotel","url":"https:\/\/ifboutiquehotel.com\/","logo":{"@type":"ImageObject","inLanguage":"fr-FR","@id":"https:\/\/ifboutiquehotel.com\/#\/schema\/logo\/image\/","url":"https:\/\/ifboutiquehotel.com\/wp-content\/uploads\/sites\/3\/2025\/11\/imgi_1_site-logo.svg","contentUrl":"https:\/\/ifboutiquehotel.com\/wp-content\/uploads\/sites\/3\/2025\/11\/imgi_1_site-logo.svg","width":438,"height":576,"caption":"ifboutiquehotel"},"image":{"@id":"https:\/\/ifboutiquehotel.com\/#\/schema\/logo\/image\/"}}]}},"_links":{"self":[{"href":"https:\/\/ifboutiquehotel.com\/fr\/wp-json\/wp\/v2\/pages\/431","targetHints":{"allow":["GET"]}}],"collection":[{"href":"https:\/\/ifboutiquehotel.com\/fr\/wp-json\/wp\/v2\/pages"}],"about":[{"href":"https:\/\/ifboutiquehotel.com\/fr\/wp-json\/wp\/v2\/types\/page"}],"author":[{"embeddable":true,"href":"https:\/\/ifboutiquehotel.com\/fr\/wp-json\/wp\/v2\/users\/1"}],"replies":[{"embeddable":true,"href":"https:\/\/ifboutiquehotel.com\/fr\/wp-json\/wp\/v2\/comments?post=431"}],"version-history":[{"count":10,"href":"https:\/\/ifboutiquehotel.com\/fr\/wp-json\/wp\/v2\/pages\/431\/revisions"}],"predecessor-version":[{"id":671,"href":"https:\/\/ifboutiquehotel.com\/fr\/wp-json\/wp\/v2\/pages\/431\/revisions\/671"}],"wp:attachment":[{"href":"https:\/\/ifboutiquehotel.com\/fr\/wp-json\/wp\/v2\/media?parent=431"}],"curies":[{"name":"wp","href":"https:\/\/api.w.org\/{rel}","templated":true}]}}