{"id":38,"date":"2025-11-26T12:06:50","date_gmt":"2025-11-26T12:06:50","guid":{"rendered":"https:\/\/ifboutiquehotel.rezxs.com\/offers\/"},"modified":"2026-02-13T12:48:53","modified_gmt":"2026-02-13T12:48:53","slug":"reviews","status":"publish","type":"page","link":"https:\/\/ifboutiquehotel.com\/fr\/reviews\/","title":{"rendered":"Commentaires"},"content":{"rendered":"<div data-elementor-type=\"wp-page\" data-elementor-id=\"38\" class=\"elementor elementor-38\" data-elementor-post-type=\"page\">\n\t\t\t\t<div class=\"elementor-element elementor-element-14c4aede e-flex e-con-boxed e-con e-parent\" data-id=\"14c4aede\" data-element_type=\"container\" data-e-type=\"container\" data-settings=\"{&quot;background_background&quot;:&quot;classic&quot;}\">\n\t\t\t\t\t<div class=\"e-con-inner\">\n\t\t<div class=\"elementor-element elementor-element-37d64981 e-con-full e-flex e-con e-child\" data-id=\"37d64981\" data-element_type=\"container\" data-e-type=\"container\">\n\t\t\t\t<div class=\"elementor-element elementor-element-70ba70e7 elementor-widget elementor-widget-heading\" data-id=\"70ba70e7\" data-element_type=\"widget\" data-e-type=\"widget\" data-widget_type=\"heading.default\">\n\t\t\t\t\t<h5 class=\"elementor-heading-title elementor-size-default\">Profitez du luxe<\/h5>\t\t\t\t<\/div>\n\t\t\t\t<div class=\"elementor-element elementor-element-64513420 elementor-widget elementor-widget-heading\" data-id=\"64513420\" data-element_type=\"widget\" data-e-type=\"widget\" data-widget_type=\"heading.default\">\n\t\t\t\t\t<h2 class=\"elementor-heading-title elementor-size-default\">Une \u00e9l\u00e9gance in\u00e9gal\u00e9e<\/h2>\t\t\t\t<\/div>\n\t\t\t\t<div class=\"elementor-element elementor-element-347be745 elementor-widget elementor-widget-text-editor\" data-id=\"347be745\" data-element_type=\"widget\" data-e-type=\"widget\" data-widget_type=\"text-editor.default\">\n\t\t\t\t\t\t\t\t\t<p>\u00c0 l'h\u00f4tel IF Boutique, nous vous invitons \u00e0 vous immerger dans un monde de raffinement et de confort. D\u00e9couvrez nos chambres exquises, nos \u00e9quipements de premi\u00e8re classe et nos exp\u00e9riences sur mesure qui red\u00e9finissent les normes du luxe. Laissez-nous prendre soin de vous pendant que vous cr\u00e9ez des souvenirs inoubliables dans un cadre serein et \u00e9l\u00e9gant.<\/p>\t\t\t\t\t\t\t\t<\/div>\n\t\t<div class=\"elementor-element elementor-element-1d10adb5 e-con-full e-flex e-con e-child\" data-id=\"1d10adb5\" data-element_type=\"container\" data-e-type=\"container\">\n\t\t\t\t<div class=\"elementor-element elementor-element-687d9fce elementor-widget__width-auto elementor-align-right dynamische-boek-knop elementor-widget elementor-widget-button\" data-id=\"687d9fce\" data-element_type=\"widget\" data-e-type=\"widget\" data-widget_type=\"button.default\">\n\t\t\t\t\t\t\t\t\t\t<a class=\"elementor-button elementor-button-link elementor-size-sm\" href=\"#\">\n\t\t\t\t\t\t<span class=\"elementor-button-content-wrapper\">\n\t\t\t\t\t\t\t\t\t<span class=\"elementor-button-text\">R\u00e9server<\/span>\n\t\t\t\t\t<\/span>\n\t\t\t\t\t<\/a>\n\t\t\t\t\t\t\t\t<\/div>\n\t\t\t\t<div class=\"elementor-element elementor-element-2f17257e elementor-widget__width-auto elementor-align-right elementor-widget elementor-widget-button\" data-id=\"2f17257e\" data-element_type=\"widget\" data-e-type=\"widget\" data-widget_type=\"button.default\">\n\t\t\t\t\t\t\t\t\t\t<a class=\"elementor-button elementor-button-link elementor-size-sm\" href=\"https:\/\/ifboutiquehotel.rezxs.com\/rooms\/\">\n\t\t\t\t\t\t<span class=\"elementor-button-content-wrapper\">\n\t\t\t\t\t\t\t\t\t<span class=\"elementor-button-text\">Voir les chambres<\/span>\n\t\t\t\t\t<\/span>\n\t\t\t\t\t<\/a>\n\t\t\t\t\t\t\t\t<\/div>\n\t\t\t\t<\/div>\n\t\t\t\t<\/div>\n\t\t\t\t\t<\/div>\n\t\t\t\t<\/div>\n\t\t<div class=\"elementor-element elementor-element-a963dca e-flex e-con-boxed e-con e-parent\" data-id=\"a963dca\" data-element_type=\"container\" data-e-type=\"container\">\n\t\t\t\t\t<div class=\"e-con-inner\">\n\t\t\t\t<div class=\"elementor-element elementor-element-a3349db elementor-widget elementor-widget-html\" data-id=\"a3349db\" data-element_type=\"widget\" data-e-type=\"widget\" data-widget_type=\"html.default\">\n\t\t\t\t\t<!-- Elfsight All-in-One Reviews | Untitled All-in-One Reviews -->\n<script src=\"https:\/\/elfsightcdn.com\/platform.js\" async><\/script>\n<div class=\"elfsight-app-2a213e36-49a5-4f28-8c33-a5f6af94189a\" data-elfsight-app-lazy><\/div>\t\t\t\t<\/div>\n\t\t\t\t\t<\/div>\n\t\t\t\t<\/div>\n\t\t<div class=\"elementor-element elementor-element-7aa0482e e-flex e-con-boxed e-con e-parent\" data-id=\"7aa0482e\" data-element_type=\"container\" data-e-type=\"container\" data-settings=\"{&quot;background_background&quot;:&quot;classic&quot;}\">\n\t\t\t\t\t<div class=\"e-con-inner\">\n\t\t<div class=\"elementor-element elementor-element-25b3583f e-flex e-con-boxed e-con e-child\" data-id=\"25b3583f\" data-element_type=\"container\" data-e-type=\"container\">\n\t\t\t\t\t<div class=\"e-con-inner\">\n\t\t\t\t<div class=\"elementor-element elementor-element-302da380 elementor-widget elementor-widget-heading\" data-id=\"302da380\" data-element_type=\"widget\" data-e-type=\"widget\" data-widget_type=\"heading.default\">\n\t\t\t\t\t<h4 class=\"elementor-heading-title elementor-size-default\">Votre retraite sereine en ville\n<\/h4>\t\t\t\t<\/div>\n\t\t\t\t<div class=\"elementor-element elementor-element-d779229 elementor-widget__width-auto elementor-align-right dynamische-boek-knop elementor-widget elementor-widget-button\" data-id=\"d779229\" data-element_type=\"widget\" data-e-type=\"widget\" data-widget_type=\"button.default\">\n\t\t\t\t\t\t\t\t\t\t<a class=\"elementor-button elementor-button-link elementor-size-sm\" href=\"#\">\n\t\t\t\t\t\t<span class=\"elementor-button-content-wrapper\">\n\t\t\t\t\t\t\t\t\t<span class=\"elementor-button-text\">R\u00e9server<\/span>\n\t\t\t\t\t<\/span>\n\t\t\t\t\t<\/a>\n\t\t\t\t\t\t\t\t<\/div>\n\t\t\t\t\t<\/div>\n\t\t\t\t<\/div>\n\t\t\t\t\t<\/div>\n\t\t\t\t<\/div>\n\t\t<div class=\"elementor-element elementor-element-7c82213 e-flex e-con-boxed e-con e-parent\" data-id=\"7c82213\" data-element_type=\"container\" data-e-type=\"container\">\n\t\t\t\t\t<div class=\"e-con-inner\">\n\t\t\t\t<div class=\"elementor-element elementor-element-53f8a12 elementor-widget elementor-widget-global elementor-global-657 elementor-widget-html\" data-id=\"53f8a12\" data-element_type=\"widget\" data-e-type=\"widget\" data-widget_type=\"html.default\">\n\t\t\t\t\t<script async\n  src=\"https:\/\/webchat.runnr.ai\/chat\/chat-widget.js\"\n  type=\"application\/javascript\"\n  data-widget=\"chat\"\n  data-title=\"Chat with If boutique hotel\"\n  data-btn-title=\"Chat with us\"\n  data-primary-color=\"#C1AD7B\"\n  crossorigin=\"anonymous\">\n<\/script>\t\t\t\t<\/div>\n\t\t\t\t\t<\/div>\n\t\t\t\t<\/div>\n\t\t\t\t<\/div>","protected":false},"excerpt":{"rendered":"<p>Enjoy luxury Experience unparalleled elegance At IF Boutique hotel, we invite you to immerse yourself in a world of refinement and comfort. Discover our exquisite rooms, first-class amenities, and tailor-made experiences that redefine the standard of luxury. Let us take care of you while you create lasting memories in a serene and elegant setting. Book [&hellip;]<\/p>\n","protected":false},"author":1,"featured_media":0,"parent":0,"menu_order":0,"comment_status":"closed","ping_status":"closed","template":"","meta":{"footnotes":""},"class_list":["post-38","page","type-page","status-publish","hentry"],"yoast_head":"<!-- This site is optimized with the Yoast SEO plugin v27.3 - https:\/\/yoast.com\/product\/yoast-seo-wordpress\/ -->\n<title>Reviews - ifboutiquehotel<\/title>\n<meta name=\"robots\" content=\"index, follow, max-snippet:-1, max-image-preview:large, max-video-preview:-1\" \/>\n<link rel=\"canonical\" href=\"https:\/\/ifboutiquehotel.com\/fr\/reviews\/\" \/>\n<meta property=\"og:locale\" content=\"fr_FR\" \/>\n<meta property=\"og:type\" content=\"article\" \/>\n<meta property=\"og:title\" content=\"Reviews - ifboutiquehotel\" \/>\n<meta property=\"og:description\" content=\"Enjoy luxury Experience unparalleled elegance At IF Boutique hotel, we invite you to immerse yourself in a world of refinement and comfort. Discover our exquisite rooms, first-class amenities, and tailor-made experiences that redefine the standard of luxury. Let us take care of you while you create lasting memories in a serene and elegant setting. Book [&hellip;]\" \/>\n<meta property=\"og:url\" content=\"https:\/\/ifboutiquehotel.com\/fr\/reviews\/\" \/>\n<meta property=\"og:site_name\" content=\"ifboutiquehotel\" \/>\n<meta property=\"article:modified_time\" content=\"2026-02-13T12:48:53+00:00\" \/>\n<meta name=\"twitter:card\" content=\"summary_large_image\" \/>\n<meta name=\"twitter:label1\" content=\"Dur\u00e9e de lecture estim\u00e9e\" \/>\n\t<meta name=\"twitter:data1\" content=\"6 minutes\" \/>\n<script type=\"application\/ld+json\" class=\"yoast-schema-graph\">{\"@context\":\"https:\\\/\\\/schema.org\",\"@graph\":[{\"@type\":\"WebPage\",\"@id\":\"https:\\\/\\\/ifboutiquehotel.com\\\/reviews\\\/\",\"url\":\"https:\\\/\\\/ifboutiquehotel.com\\\/reviews\\\/\",\"name\":\"Reviews - ifboutiquehotel\",\"isPartOf\":{\"@id\":\"https:\\\/\\\/ifboutiquehotel.com\\\/#website\"},\"datePublished\":\"2025-11-26T12:06:50+00:00\",\"dateModified\":\"2026-02-13T12:48:53+00:00\",\"breadcrumb\":{\"@id\":\"https:\\\/\\\/ifboutiquehotel.com\\\/reviews\\\/#breadcrumb\"},\"inLanguage\":\"fr-FR\",\"potentialAction\":[{\"@type\":\"ReadAction\",\"target\":[\"https:\\\/\\\/ifboutiquehotel.com\\\/reviews\\\/\"]}]},{\"@type\":\"BreadcrumbList\",\"@id\":\"https:\\\/\\\/ifboutiquehotel.com\\\/reviews\\\/#breadcrumb\",\"itemListElement\":[{\"@type\":\"ListItem\",\"position\":1,\"name\":\"Home\",\"item\":\"https:\\\/\\\/ifboutiquehotel.com\\\/\"},{\"@type\":\"ListItem\",\"position\":2,\"name\":\"Reviews\"}]},{\"@type\":\"WebSite\",\"@id\":\"https:\\\/\\\/ifboutiquehotel.com\\\/#website\",\"url\":\"https:\\\/\\\/ifboutiquehotel.com\\\/\",\"name\":\"ifboutiquehotel\",\"description\":\"\",\"publisher\":{\"@id\":\"https:\\\/\\\/ifboutiquehotel.com\\\/#organization\"},\"potentialAction\":[{\"@type\":\"SearchAction\",\"target\":{\"@type\":\"EntryPoint\",\"urlTemplate\":\"https:\\\/\\\/ifboutiquehotel.com\\\/?s={search_term_string}\"},\"query-input\":{\"@type\":\"PropertyValueSpecification\",\"valueRequired\":true,\"valueName\":\"search_term_string\"}}],\"inLanguage\":\"fr-FR\"},{\"@type\":\"Organization\",\"@id\":\"https:\\\/\\\/ifboutiquehotel.com\\\/#organization\",\"name\":\"ifboutiquehotel\",\"url\":\"https:\\\/\\\/ifboutiquehotel.com\\\/\",\"logo\":{\"@type\":\"ImageObject\",\"inLanguage\":\"fr-FR\",\"@id\":\"https:\\\/\\\/ifboutiquehotel.com\\\/#\\\/schema\\\/logo\\\/image\\\/\",\"url\":\"https:\\\/\\\/ifboutiquehotel.com\\\/wp-content\\\/uploads\\\/sites\\\/3\\\/2025\\\/11\\\/imgi_1_site-logo.svg\",\"contentUrl\":\"https:\\\/\\\/ifboutiquehotel.com\\\/wp-content\\\/uploads\\\/sites\\\/3\\\/2025\\\/11\\\/imgi_1_site-logo.svg\",\"width\":438,\"height\":576,\"caption\":\"ifboutiquehotel\"},\"image\":{\"@id\":\"https:\\\/\\\/ifboutiquehotel.com\\\/#\\\/schema\\\/logo\\\/image\\\/\"}}]}<\/script>\n<!-- \/ Yoast SEO plugin. -->","yoast_head_json":{"title":"Reviews - ifboutiquehotel","robots":{"index":"index","follow":"follow","max-snippet":"max-snippet:-1","max-image-preview":"max-image-preview:large","max-video-preview":"max-video-preview:-1"},"canonical":"https:\/\/ifboutiquehotel.com\/fr\/reviews\/","og_locale":"fr_FR","og_type":"article","og_title":"Reviews - ifboutiquehotel","og_description":"Enjoy luxury Experience unparalleled elegance At IF Boutique hotel, we invite you to immerse yourself in a world of refinement and comfort. Discover our exquisite rooms, first-class amenities, and tailor-made experiences that redefine the standard of luxury. Let us take care of you while you create lasting memories in a serene and elegant setting. Book [&hellip;]","og_url":"https:\/\/ifboutiquehotel.com\/fr\/reviews\/","og_site_name":"ifboutiquehotel","article_modified_time":"2026-02-13T12:48:53+00:00","twitter_card":"summary_large_image","twitter_misc":{"Dur\u00e9e de lecture estim\u00e9e":"6 minutes"},"schema":{"@context":"https:\/\/schema.org","@graph":[{"@type":"WebPage","@id":"https:\/\/ifboutiquehotel.com\/reviews\/","url":"https:\/\/ifboutiquehotel.com\/reviews\/","name":"Reviews - ifboutiquehotel","isPartOf":{"@id":"https:\/\/ifboutiquehotel.com\/#website"},"datePublished":"2025-11-26T12:06:50+00:00","dateModified":"2026-02-13T12:48:53+00:00","breadcrumb":{"@id":"https:\/\/ifboutiquehotel.com\/reviews\/#breadcrumb"},"inLanguage":"fr-FR","potentialAction":[{"@type":"ReadAction","target":["https:\/\/ifboutiquehotel.com\/reviews\/"]}]},{"@type":"BreadcrumbList","@id":"https:\/\/ifboutiquehotel.com\/reviews\/#breadcrumb","itemListElement":[{"@type":"ListItem","position":1,"name":"Home","item":"https:\/\/ifboutiquehotel.com\/"},{"@type":"ListItem","position":2,"name":"Reviews"}]},{"@type":"WebSite","@id":"https:\/\/ifboutiquehotel.com\/#website","url":"https:\/\/ifboutiquehotel.com\/","name":"ifboutiquehotel","description":"","publisher":{"@id":"https:\/\/ifboutiquehotel.com\/#organization"},"potentialAction":[{"@type":"SearchAction","target":{"@type":"EntryPoint","urlTemplate":"https:\/\/ifboutiquehotel.com\/?s={search_term_string}"},"query-input":{"@type":"PropertyValueSpecification","valueRequired":true,"valueName":"search_term_string"}}],"inLanguage":"fr-FR"},{"@type":"Organization","@id":"https:\/\/ifboutiquehotel.com\/#organization","name":"ifboutiquehotel","url":"https:\/\/ifboutiquehotel.com\/","logo":{"@type":"ImageObject","inLanguage":"fr-FR","@id":"https:\/\/ifboutiquehotel.com\/#\/schema\/logo\/image\/","url":"https:\/\/ifboutiquehotel.com\/wp-content\/uploads\/sites\/3\/2025\/11\/imgi_1_site-logo.svg","contentUrl":"https:\/\/ifboutiquehotel.com\/wp-content\/uploads\/sites\/3\/2025\/11\/imgi_1_site-logo.svg","width":438,"height":576,"caption":"ifboutiquehotel"},"image":{"@id":"https:\/\/ifboutiquehotel.com\/#\/schema\/logo\/image\/"}}]}},"_links":{"self":[{"href":"https:\/\/ifboutiquehotel.com\/fr\/wp-json\/wp\/v2\/pages\/38","targetHints":{"allow":["GET"]}}],"collection":[{"href":"https:\/\/ifboutiquehotel.com\/fr\/wp-json\/wp\/v2\/pages"}],"about":[{"href":"https:\/\/ifboutiquehotel.com\/fr\/wp-json\/wp\/v2\/types\/page"}],"author":[{"embeddable":true,"href":"https:\/\/ifboutiquehotel.com\/fr\/wp-json\/wp\/v2\/users\/1"}],"replies":[{"embeddable":true,"href":"https:\/\/ifboutiquehotel.com\/fr\/wp-json\/wp\/v2\/comments?post=38"}],"version-history":[{"count":32,"href":"https:\/\/ifboutiquehotel.com\/fr\/wp-json\/wp\/v2\/pages\/38\/revisions"}],"predecessor-version":[{"id":665,"href":"https:\/\/ifboutiquehotel.com\/fr\/wp-json\/wp\/v2\/pages\/38\/revisions\/665"}],"wp:attachment":[{"href":"https:\/\/ifboutiquehotel.com\/fr\/wp-json\/wp\/v2\/media?parent=38"}],"curies":[{"name":"wp","href":"https:\/\/api.w.org\/{rel}","templated":true}]}}