{"id":431,"date":"2025-12-07T16:29:46","date_gmt":"2025-12-07T16:29:46","guid":{"rendered":"https:\/\/ifboutiquehotel.rezxs.com\/?page_id=431"},"modified":"2026-02-13T12:50:36","modified_gmt":"2026-02-13T12:50:36","slug":"cookies","status":"publish","type":"page","link":"https:\/\/ifboutiquehotel.com\/es\/cookies\/","title":{"rendered":"Cookie Beleid"},"content":{"rendered":"<div data-elementor-type=\"wp-page\" data-elementor-id=\"431\" class=\"elementor elementor-431\" data-elementor-post-type=\"page\">\n\t\t\t\t<div class=\"elementor-element elementor-element-bee494a e-flex e-con-boxed e-con e-parent\" data-id=\"bee494a\" data-element_type=\"container\" data-e-type=\"container\">\n\t\t\t\t\t<div class=\"e-con-inner\">\n\t\t\t\t<div class=\"elementor-element elementor-element-6a056dd elementor-widget elementor-widget-text-editor\" data-id=\"6a056dd\" data-element_type=\"widget\" data-e-type=\"widget\" data-widget_type=\"text-editor.default\">\n\t\t\t\t\t\t\t\t\t<p>Cookiebeleid voor IfBoutiquehotel.nl<br \/>Fecha de vencimiento: 07\/12\/2025<\/p><p>1. \u00bfQu\u00e9 son las cookies?<br \/>En el sitio web de IfBoutiquehotel.nl utilizamos cookies y otras tecnolog\u00edas. Una cookie es una peque\u00f1a herramienta inform\u00e1tica que se instala al acceder a nuestro sitio web desde su ordenador, tableta o tel\u00e9fono. La informaci\u00f3n almacenada puede ser enviada a nuestros servidores o a los servidores de las partes interesadas.<\/p><p>2. \u00bfQu\u00e9 cookies utilizamos?<br \/>Utilizamos diferentes tipos de cookies:<\/p><p>A. Galletas Funcionales (Noodzakelijke)<br \/>Estas cookies son t\u00e9cnicamente necesarias para que el sitio web funcione correctamente. Sin estas cookies, el sitio no funcionar\u00e1 correctamente.<\/p><p>Doel: Bijvoorbeeld het onthouden van je taalinstellingen, je geselecteerde verblijfsdata in de zoekbalk, of de inhoud van je winkelmandje tijdens het boekingsproces.<\/p><p>Toestemming: Para estas cookies no se requiere ninguna contrase\u00f1a.<\/p><p>B. Cookies anal\u00edticas<br \/>Estas cookies nos permiten mejorar el uso de nuestro sitio web. Tambi\u00e9n podemos mejorar la calidad y la eficacia de nuestro sitio.<\/p><p>Google Analytics: Utilizamos Google Analytics para saber qu\u00e9 usuarios visitan nuestro sitio web (por ejemplo, qu\u00e9 p\u00e1ginas son las m\u00e1s visitadas). Google Analytics se compromete a proteger la privacidad de los usuarios a trav\u00e9s de la Pol\u00edtica de privacidad de la Autoridad de Protecci\u00f3n de Datos.<\/p><p>Aviso legal: Los datos se actualizan autom\u00e1ticamente cada varios meses.<\/p><p>C. Cookies de marketing y seguimiento<br \/>Estas cookies se utilizan para ayudar a los usuarios a visitar distintos sitios web. El objetivo es mostrar anuncios que sean relevantes para el usuario individual.<\/p><p>Redes sociales: En nuestro sitio web se pueden a\u00f1adir botones para promocionar (compartir) o compartir p\u00e1ginas web en redes sociales como Instagram y Facebook. Estos botones se activan mediante un c\u00f3digo de p\u00edxeles que se muestra en las redes sociales. Este c\u00f3digo contiene cookies.<\/p><p>Uso de cookies: Wij plaatsen deze cookies alleen als je ons daar expliciet toestemming voor hebt gegeven via de cookiebanner.<\/p><p>3. El sistema de reservas<br \/>Cuando reserves una habitaci\u00f3n, accede a nuestra p\u00e1gina web y entra en nuestro motor de reservas (por ejemplo, Mews, SmartHotel o cualquier otro sistema). Tambi\u00e9n estas partes utilizan cookies para que la reserva sea correcta y sin errores.<\/p><p>4. Uso y almacenamiento de cookies<br \/>En su primera visita a nuestro sitio web, le informamos sobre estas cookies y le pedimos que las utilice (a trav\u00e9s de un banner de cookies).<\/p><p>Puede instalar cookies en su navegador para que no se pierdan. Por lo tanto, tambi\u00e9n puede acceder a toda la informaci\u00f3n que se proporciona a trav\u00e9s de las opciones de su navegador.<\/p><p>Cromo<\/p><p>Firefox<\/p><p>Safari<\/p><p>Borde<\/p><p>Por favor: Si utiliza cookies, es posible que algunas funciones (como la ampliaci\u00f3n de una p\u00e1gina) no funcionen correctamente.<\/p><p>5. Wijzigingen<br \/>Podemos cambiar esta cookie de hora a hora, siempre y cuando nuestro sitio web o la administraci\u00f3n de cookies lo permitan. Le recomendamos que visite esta p\u00e1gina con regularidad.<\/p><p>6. Contacto<br \/>\u00bfTienes alguna pregunta sobre nuestras galletas? Ponte en contacto con nosotros.<\/p>\t\t\t\t\t\t\t\t<\/div>\n\t\t\t\t\t<\/div>\n\t\t\t\t<\/div>\n\t\t<div class=\"elementor-element elementor-element-b6e9c3a e-flex e-con-boxed e-con e-parent\" data-id=\"b6e9c3a\" data-element_type=\"container\" data-e-type=\"container\">\n\t\t\t\t\t<div class=\"e-con-inner\">\n\t\t\t\t<div class=\"elementor-element elementor-element-65cf0b6 elementor-widget elementor-widget-global elementor-global-657 elementor-widget-html\" data-id=\"65cf0b6\" data-element_type=\"widget\" data-e-type=\"widget\" data-widget_type=\"html.default\">\n\t\t\t\t\t<script async\n  src=\"https:\/\/webchat.runnr.ai\/chat\/chat-widget.js\"\n  type=\"application\/javascript\"\n  data-widget=\"chat\"\n  data-title=\"Chat with If boutique hotel\"\n  data-btn-title=\"Chat with us\"\n  data-primary-color=\"#C1AD7B\"\n  crossorigin=\"anonymous\">\n<\/script>\t\t\t\t<\/div>\n\t\t\t\t\t<\/div>\n\t\t\t\t<\/div>\n\t\t\t\t<\/div>","protected":false},"excerpt":{"rendered":"<p>Cookiebeleid voor IfBoutiquehotel.nlLaatst bijgewerkt op: 07\/12\/2025 1. Wat zijn cookies?Op de website van IfBoutiquehotel.nl maken wij gebruik van cookies en vergelijkbare technieken. Een cookie is een klein, eenvoudig tekstbestandje dat bij een bezoek aan onze website op de harde schijf van je computer, tablet of telefoon wordt opgeslagen. De daarin opgeslagen informatie kan bij een [&hellip;]<\/p>\n","protected":false},"author":1,"featured_media":0,"parent":0,"menu_order":0,"comment_status":"closed","ping_status":"closed","template":"","meta":{"footnotes":""},"class_list":["post-431","page","type-page","status-publish","hentry"],"yoast_head":"<!-- This site is optimized with the Yoast SEO plugin v27.3 - https:\/\/yoast.com\/product\/yoast-seo-wordpress\/ -->\n<title>Cookie Beleid - ifboutiquehotel<\/title>\n<meta name=\"robots\" content=\"index, follow, max-snippet:-1, max-image-preview:large, max-video-preview:-1\" \/>\n<link rel=\"canonical\" href=\"https:\/\/ifboutiquehotel.com\/es\/cookies\/\" \/>\n<meta property=\"og:locale\" content=\"es_ES\" \/>\n<meta property=\"og:type\" content=\"article\" \/>\n<meta property=\"og:title\" content=\"Cookie Beleid - ifboutiquehotel\" \/>\n<meta property=\"og:description\" content=\"Cookiebeleid voor IfBoutiquehotel.nlLaatst bijgewerkt op: 07\/12\/2025 1. Wat zijn cookies?Op de website van IfBoutiquehotel.nl maken wij gebruik van cookies en vergelijkbare technieken. Een cookie is een klein, eenvoudig tekstbestandje dat bij een bezoek aan onze website op de harde schijf van je computer, tablet of telefoon wordt opgeslagen. De daarin opgeslagen informatie kan bij een [&hellip;]\" \/>\n<meta property=\"og:url\" content=\"https:\/\/ifboutiquehotel.com\/es\/cookies\/\" \/>\n<meta property=\"og:site_name\" content=\"ifboutiquehotel\" \/>\n<meta property=\"article:modified_time\" content=\"2026-02-13T12:50:36+00:00\" \/>\n<meta name=\"twitter:card\" content=\"summary_large_image\" \/>\n<meta name=\"twitter:label1\" content=\"Tiempo de lectura\" \/>\n\t<meta name=\"twitter:data1\" content=\"3 minutos\" \/>\n<script type=\"application\/ld+json\" class=\"yoast-schema-graph\">{\"@context\":\"https:\\\/\\\/schema.org\",\"@graph\":[{\"@type\":\"WebPage\",\"@id\":\"https:\\\/\\\/ifboutiquehotel.com\\\/cookies\\\/\",\"url\":\"https:\\\/\\\/ifboutiquehotel.com\\\/cookies\\\/\",\"name\":\"Cookie Beleid - ifboutiquehotel\",\"isPartOf\":{\"@id\":\"https:\\\/\\\/ifboutiquehotel.com\\\/#website\"},\"datePublished\":\"2025-12-07T16:29:46+00:00\",\"dateModified\":\"2026-02-13T12:50:36+00:00\",\"breadcrumb\":{\"@id\":\"https:\\\/\\\/ifboutiquehotel.com\\\/cookies\\\/#breadcrumb\"},\"inLanguage\":\"es\",\"potentialAction\":[{\"@type\":\"ReadAction\",\"target\":[\"https:\\\/\\\/ifboutiquehotel.com\\\/cookies\\\/\"]}]},{\"@type\":\"BreadcrumbList\",\"@id\":\"https:\\\/\\\/ifboutiquehotel.com\\\/cookies\\\/#breadcrumb\",\"itemListElement\":[{\"@type\":\"ListItem\",\"position\":1,\"name\":\"Home\",\"item\":\"https:\\\/\\\/ifboutiquehotel.com\\\/\"},{\"@type\":\"ListItem\",\"position\":2,\"name\":\"Cookie Beleid\"}]},{\"@type\":\"WebSite\",\"@id\":\"https:\\\/\\\/ifboutiquehotel.com\\\/#website\",\"url\":\"https:\\\/\\\/ifboutiquehotel.com\\\/\",\"name\":\"ifboutiquehotel\",\"description\":\"\",\"publisher\":{\"@id\":\"https:\\\/\\\/ifboutiquehotel.com\\\/#organization\"},\"potentialAction\":[{\"@type\":\"SearchAction\",\"target\":{\"@type\":\"EntryPoint\",\"urlTemplate\":\"https:\\\/\\\/ifboutiquehotel.com\\\/?s={search_term_string}\"},\"query-input\":{\"@type\":\"PropertyValueSpecification\",\"valueRequired\":true,\"valueName\":\"search_term_string\"}}],\"inLanguage\":\"es\"},{\"@type\":\"Organization\",\"@id\":\"https:\\\/\\\/ifboutiquehotel.com\\\/#organization\",\"name\":\"ifboutiquehotel\",\"url\":\"https:\\\/\\\/ifboutiquehotel.com\\\/\",\"logo\":{\"@type\":\"ImageObject\",\"inLanguage\":\"es\",\"@id\":\"https:\\\/\\\/ifboutiquehotel.com\\\/#\\\/schema\\\/logo\\\/image\\\/\",\"url\":\"https:\\\/\\\/ifboutiquehotel.com\\\/wp-content\\\/uploads\\\/sites\\\/3\\\/2025\\\/11\\\/imgi_1_site-logo.svg\",\"contentUrl\":\"https:\\\/\\\/ifboutiquehotel.com\\\/wp-content\\\/uploads\\\/sites\\\/3\\\/2025\\\/11\\\/imgi_1_site-logo.svg\",\"width\":438,\"height\":576,\"caption\":\"ifboutiquehotel\"},\"image\":{\"@id\":\"https:\\\/\\\/ifboutiquehotel.com\\\/#\\\/schema\\\/logo\\\/image\\\/\"}}]}<\/script>\n<!-- \/ Yoast SEO plugin. -->","yoast_head_json":{"title":"Cookie Beleid - ifboutiquehotel","robots":{"index":"index","follow":"follow","max-snippet":"max-snippet:-1","max-image-preview":"max-image-preview:large","max-video-preview":"max-video-preview:-1"},"canonical":"https:\/\/ifboutiquehotel.com\/es\/cookies\/","og_locale":"es_ES","og_type":"article","og_title":"Cookie Beleid - ifboutiquehotel","og_description":"Cookiebeleid voor IfBoutiquehotel.nlLaatst bijgewerkt op: 07\/12\/2025 1. Wat zijn cookies?Op de website van IfBoutiquehotel.nl maken wij gebruik van cookies en vergelijkbare technieken. Een cookie is een klein, eenvoudig tekstbestandje dat bij een bezoek aan onze website op de harde schijf van je computer, tablet of telefoon wordt opgeslagen. De daarin opgeslagen informatie kan bij een [&hellip;]","og_url":"https:\/\/ifboutiquehotel.com\/es\/cookies\/","og_site_name":"ifboutiquehotel","article_modified_time":"2026-02-13T12:50:36+00:00","twitter_card":"summary_large_image","twitter_misc":{"Tiempo de lectura":"3 minutos"},"schema":{"@context":"https:\/\/schema.org","@graph":[{"@type":"WebPage","@id":"https:\/\/ifboutiquehotel.com\/cookies\/","url":"https:\/\/ifboutiquehotel.com\/cookies\/","name":"Cookie Beleid - ifboutiquehotel","isPartOf":{"@id":"https:\/\/ifboutiquehotel.com\/#website"},"datePublished":"2025-12-07T16:29:46+00:00","dateModified":"2026-02-13T12:50:36+00:00","breadcrumb":{"@id":"https:\/\/ifboutiquehotel.com\/cookies\/#breadcrumb"},"inLanguage":"es","potentialAction":[{"@type":"ReadAction","target":["https:\/\/ifboutiquehotel.com\/cookies\/"]}]},{"@type":"BreadcrumbList","@id":"https:\/\/ifboutiquehotel.com\/cookies\/#breadcrumb","itemListElement":[{"@type":"ListItem","position":1,"name":"Home","item":"https:\/\/ifboutiquehotel.com\/"},{"@type":"ListItem","position":2,"name":"Cookie Beleid"}]},{"@type":"WebSite","@id":"https:\/\/ifboutiquehotel.com\/#website","url":"https:\/\/ifboutiquehotel.com\/","name":"ifboutiquehotel","description":"","publisher":{"@id":"https:\/\/ifboutiquehotel.com\/#organization"},"potentialAction":[{"@type":"SearchAction","target":{"@type":"EntryPoint","urlTemplate":"https:\/\/ifboutiquehotel.com\/?s={search_term_string}"},"query-input":{"@type":"PropertyValueSpecification","valueRequired":true,"valueName":"search_term_string"}}],"inLanguage":"es"},{"@type":"Organization","@id":"https:\/\/ifboutiquehotel.com\/#organization","name":"ifboutiquehotel","url":"https:\/\/ifboutiquehotel.com\/","logo":{"@type":"ImageObject","inLanguage":"es","@id":"https:\/\/ifboutiquehotel.com\/#\/schema\/logo\/image\/","url":"https:\/\/ifboutiquehotel.com\/wp-content\/uploads\/sites\/3\/2025\/11\/imgi_1_site-logo.svg","contentUrl":"https:\/\/ifboutiquehotel.com\/wp-content\/uploads\/sites\/3\/2025\/11\/imgi_1_site-logo.svg","width":438,"height":576,"caption":"ifboutiquehotel"},"image":{"@id":"https:\/\/ifboutiquehotel.com\/#\/schema\/logo\/image\/"}}]}},"_links":{"self":[{"href":"https:\/\/ifboutiquehotel.com\/es\/wp-json\/wp\/v2\/pages\/431","targetHints":{"allow":["GET"]}}],"collection":[{"href":"https:\/\/ifboutiquehotel.com\/es\/wp-json\/wp\/v2\/pages"}],"about":[{"href":"https:\/\/ifboutiquehotel.com\/es\/wp-json\/wp\/v2\/types\/page"}],"author":[{"embeddable":true,"href":"https:\/\/ifboutiquehotel.com\/es\/wp-json\/wp\/v2\/users\/1"}],"replies":[{"embeddable":true,"href":"https:\/\/ifboutiquehotel.com\/es\/wp-json\/wp\/v2\/comments?post=431"}],"version-history":[{"count":10,"href":"https:\/\/ifboutiquehotel.com\/es\/wp-json\/wp\/v2\/pages\/431\/revisions"}],"predecessor-version":[{"id":671,"href":"https:\/\/ifboutiquehotel.com\/es\/wp-json\/wp\/v2\/pages\/431\/revisions\/671"}],"wp:attachment":[{"href":"https:\/\/ifboutiquehotel.com\/es\/wp-json\/wp\/v2\/media?parent=431"}],"curies":[{"name":"wp","href":"https:\/\/api.w.org\/{rel}","templated":true}]}}