{"id":64,"date":"2025-11-26T12:07:25","date_gmt":"2025-11-26T12:07:25","guid":{"rendered":"https:\/\/ifboutiquehotel.rezxs.com\/contact\/"},"modified":"2026-02-18T11:46:59","modified_gmt":"2026-02-18T11:46:59","slug":"contact","status":"publish","type":"page","link":"https:\/\/ifboutiquehotel.com\/de\/contact\/","title":{"rendered":"Kontakt"},"content":{"rendered":"<div data-elementor-type=\"wp-page\" data-elementor-id=\"64\" class=\"elementor elementor-64\" data-elementor-post-type=\"page\">\n\t\t\t\t<div class=\"elementor-element elementor-element-6236cd5 e-flex e-con-boxed e-con e-parent\" data-id=\"6236cd5\" data-element_type=\"container\" data-e-type=\"container\" data-settings=\"{&quot;background_background&quot;:&quot;classic&quot;}\">\n\t\t\t\t\t<div class=\"e-con-inner\">\n\t\t<div class=\"elementor-element elementor-element-1abc9cb9 e-con-full e-flex e-con e-child\" data-id=\"1abc9cb9\" data-element_type=\"container\" data-e-type=\"container\">\n\t\t\t\t<div class=\"elementor-element elementor-element-2cbfd657 elementor-widget elementor-widget-heading\" data-id=\"2cbfd657\" data-element_type=\"widget\" data-e-type=\"widget\" data-widget_type=\"heading.default\">\n\t\t\t\t\t<h2 class=\"elementor-heading-title elementor-size-default\">Willkommen im IF Boutique Hotel <\/h2>\t\t\t\t<\/div>\n\t\t\t\t<\/div>\n\t\t<div class=\"elementor-element elementor-element-7c6334f6 e-con-full e-flex e-con e-child\" data-id=\"7c6334f6\" data-element_type=\"container\" data-e-type=\"container\">\n\t\t\t\t<div class=\"elementor-element elementor-element-bdbc59b elementor-widget elementor-widget-text-editor\" data-id=\"bdbc59b\" data-element_type=\"widget\" data-e-type=\"widget\" data-widget_type=\"text-editor.default\">\n\t\t\t\t\t\t\t\t\t<p>Im IF Boutique Hotel laden wir Sie ein, sich mit uns in Verbindung zu setzen, wenn Sie Fragen haben oder eine Reservierung vornehmen m\u00f6chten. Unser Team setzt sich daf\u00fcr ein, dass Ihr Aufenthalt vom ersten Moment an ein unvergessliches Erlebnis wird. Egal, ob Sie auf der Suche nach Entspannung oder Aufregung sind, wir sind bereit, Ihnen bei jedem Schritt des Weges zu helfen.<\/p>\t\t\t\t\t\t\t\t<\/div>\n\t\t\t\t<\/div>\n\t\t\t\t\t<\/div>\n\t\t\t\t<\/div>\n\t\t<div class=\"elementor-element elementor-element-35fcd261 e-flex e-con-boxed e-con e-parent\" data-id=\"35fcd261\" data-element_type=\"container\" data-e-type=\"container\">\n\t\t\t\t\t<div class=\"e-con-inner\">\n\t\t\t\t<div class=\"elementor-element elementor-element-4f7008ad elementor-widget elementor-widget-heading\" data-id=\"4f7008ad\" data-element_type=\"widget\" data-e-type=\"widget\" data-widget_type=\"heading.default\">\n\t\t\t\t\t<h2 class=\"elementor-heading-title elementor-size-default\">Kontakt aufnehmen<\/h2>\t\t\t\t<\/div>\n\t\t\t\t<div class=\"elementor-element elementor-element-e88f1e0 elementor-widget elementor-widget-text-editor\" data-id=\"e88f1e0\" data-element_type=\"widget\" data-e-type=\"widget\" data-widget_type=\"text-editor.default\">\n\t\t\t\t\t\t\t\t\t<p>Wir sind bereit, Ihnen bei Fragen und Buchungen zu helfen.<\/p>\t\t\t\t\t\t\t\t<\/div>\n\t\t<div class=\"elementor-element elementor-element-5bf9b38 e-con-full e-flex e-con e-child\" data-id=\"5bf9b38\" data-element_type=\"container\" data-e-type=\"container\">\n\t\t<div class=\"elementor-element elementor-element-39388c5f e-con-full e-flex e-con e-child\" data-id=\"39388c5f\" data-element_type=\"container\" data-e-type=\"container\">\n\t\t<div class=\"elementor-element elementor-element-3f0c3be1 e-con-full e-flex e-con e-child\" data-id=\"3f0c3be1\" data-element_type=\"container\" data-e-type=\"container\">\n\t\t\t\t<div class=\"elementor-element elementor-element-178600ce elementor-position-inline-start elementor-view-default elementor-mobile-position-block-start elementor-widget elementor-widget-icon-box\" data-id=\"178600ce\" data-element_type=\"widget\" data-e-type=\"widget\" data-widget_type=\"icon-box.default\">\n\t\t\t\t\t\t\t<div class=\"elementor-icon-box-wrapper\">\n\n\t\t\t\t\t\t<div class=\"elementor-icon-box-icon\">\n\t\t\t\t<span  class=\"elementor-icon\">\n\t\t\t\t<svg aria-hidden=\"true\" class=\"e-font-icon-svg e-fas-envelope\" viewbox=\"0 0 512 512\" xmlns=\"http:\/\/www.w3.org\/2000\/svg\"><path d=\"M502.3 190.8c3.9-3.1 9.7-.2 9.7 4.7V400c0 26.5-21.5 48-48 48H48c-26.5 0-48-21.5-48-48V195.6c0-5 5.7-7.8 9.7-4.7 22.4 17.4 52.1 39.5 154.1 113.6 21.1 15.4 56.7 47.8 92.2 47.6 35.7.3 72-32.8 92.3-47.6 102-74.1 131.6-96.3 154-113.7zM256 320c23.2.4 56.6-29.2 73.4-41.4 132.7-96.3 142.8-104.7 173.4-128.7 5.8-4.5 9.2-11.5 9.2-18.9v-19c0-26.5-21.5-48-48-48H48C21.5 64 0 85.5 0 112v19c0 7.4 3.4 14.3 9.2 18.9 30.6 23.9 40.7 32.4 173.4 128.7 16.8 12.2 50.2 41.8 73.4 41.4z\"><\/path><\/svg>\t\t\t\t<\/span>\n\t\t\t<\/div>\n\t\t\t\n\t\t\t\t\t\t<div class=\"elementor-icon-box-content\">\n\n\t\t\t\t\t\t\t\t\t<h3 class=\"elementor-icon-box-title\">\n\t\t\t\t\t\t<span  >\n\t\t\t\t\t\t\tE-Mail\t\t\t\t\t\t<\/span>\n\t\t\t\t\t<\/h3>\n\t\t\t\t\n\t\t\t\t\t\t\t\t\t<p class=\"elementor-icon-box-description\">\n\t\t\t\t\t\tKontaktieren Sie uns f\u00fcr Fragen und Reservierungen.\t\t\t\t\t<\/p>\n\t\t\t\t\n\t\t\t<\/div>\n\t\t\t\n\t\t<\/div>\n\t\t\t\t\t\t<\/div>\n\t\t\t\t<div class=\"elementor-element elementor-element-363eae96 elementor-widget elementor-widget-text-editor\" data-id=\"363eae96\" data-element_type=\"widget\" data-e-type=\"widget\" data-widget_type=\"text-editor.default\">\n\t\t\t\t\t\t\t\t\t<p><span style=\"text-decoration: underline;\">reservations@ifboutiquehotel.com<\/span><\/p>\t\t\t\t\t\t\t\t<\/div>\n\t\t\t\t<\/div>\n\t\t<div class=\"elementor-element elementor-element-2ad5248d e-con-full e-flex e-con e-child\" data-id=\"2ad5248d\" data-element_type=\"container\" data-e-type=\"container\">\n\t\t\t\t<div class=\"elementor-element elementor-element-d0eb17f elementor-position-inline-start elementor-view-default elementor-mobile-position-block-start elementor-widget elementor-widget-icon-box\" data-id=\"d0eb17f\" data-element_type=\"widget\" data-e-type=\"widget\" data-widget_type=\"icon-box.default\">\n\t\t\t\t\t\t\t<div class=\"elementor-icon-box-wrapper\">\n\n\t\t\t\t\t\t<div class=\"elementor-icon-box-icon\">\n\t\t\t\t<span  class=\"elementor-icon\">\n\t\t\t\t<svg aria-hidden=\"true\" class=\"e-font-icon-svg e-fas-phone-alt\" viewbox=\"0 0 512 512\" xmlns=\"http:\/\/www.w3.org\/2000\/svg\"><path d=\"M497.39 361.8l-112-48a24 24 0 0 0-28 6.9l-49.6 60.6A370.66 370.66 0 0 1 130.6 204.11l60.6-49.6a23.94 23.94 0 0 0 6.9-28l-48-112A24.16 24.16 0 0 0 122.6.61l-104 24A24 24 0 0 0 0 48c0 256.5 207.9 464 464 464a24 24 0 0 0 23.4-18.6l24-104a24.29 24.29 0 0 0-14.01-27.6z\"><\/path><\/svg>\t\t\t\t<\/span>\n\t\t\t<\/div>\n\t\t\t\n\t\t\t\t\t\t<div class=\"elementor-icon-box-content\">\n\n\t\t\t\t\t\t\t\t\t<h3 class=\"elementor-icon-box-title\">\n\t\t\t\t\t\t<span  >\n\t\t\t\t\t\t\tTelefon\t\t\t\t\t\t<\/span>\n\t\t\t\t\t<\/h3>\n\t\t\t\t\n\t\t\t\t\t\t\t\t\t<p class=\"elementor-icon-box-description\">\n\t\t\t\t\t\tRufen Sie uns jederzeit an, wenn Sie Hilfe ben\u00f6tigen.\t\t\t\t\t<\/p>\n\t\t\t\t\n\t\t\t<\/div>\n\t\t\t\n\t\t<\/div>\n\t\t\t\t\t\t<\/div>\n\t\t\t\t<div class=\"elementor-element elementor-element-7e6a66c elementor-widget elementor-widget-text-editor\" data-id=\"7e6a66c\" data-element_type=\"widget\" data-e-type=\"widget\" data-widget_type=\"text-editor.default\">\n\t\t\t\t\t\t\t\t\t<p><a href=\"tel:+31 6 11791650\">+31 6 11791650<\/a><\/p>\t\t\t\t\t\t\t\t<\/div>\n\t\t\t\t<\/div>\n\t\t<div class=\"elementor-element elementor-element-493b1293 e-con-full e-flex e-con e-child\" data-id=\"493b1293\" data-element_type=\"container\" data-e-type=\"container\">\n\t\t\t\t<div class=\"elementor-element elementor-element-48cd99be elementor-position-inline-start elementor-view-default elementor-mobile-position-block-start elementor-widget elementor-widget-icon-box\" data-id=\"48cd99be\" data-element_type=\"widget\" data-e-type=\"widget\" data-widget_type=\"icon-box.default\">\n\t\t\t\t\t\t\t<div class=\"elementor-icon-box-wrapper\">\n\n\t\t\t\t\t\t<div class=\"elementor-icon-box-icon\">\n\t\t\t\t<span  class=\"elementor-icon\">\n\t\t\t\t<svg aria-hidden=\"true\" class=\"e-font-icon-svg e-fas-map-marker-alt\" viewbox=\"0 0 384 512\" xmlns=\"http:\/\/www.w3.org\/2000\/svg\"><path d=\"M172.268 501.67C26.97 291.031 0 269.413 0 192 0 85.961 85.961 0 192 0s192 85.961 192 192c0 77.413-26.97 99.031-172.268 309.67-9.535 13.774-29.93 13.773-39.464 0zM192 272c44.183 0 80-35.817 80-80s-35.817-80-80-80-80 35.817-80 80 35.817 80 80 80z\"><\/path><\/svg>\t\t\t\t<\/span>\n\t\t\t<\/div>\n\t\t\t\n\t\t\t\t\t\t<div class=\"elementor-icon-box-content\">\n\n\t\t\t\t\t\t\t\t\t<h3 class=\"elementor-icon-box-title\">\n\t\t\t\t\t\t<span  >\n\t\t\t\t\t\t\tStandort\t\t\t\t\t\t<\/span>\n\t\t\t\t\t<\/h3>\n\t\t\t\t\n\t\t\t\t\t\t\t\t\t<p class=\"elementor-icon-box-description\">\n\t\t\t\t\t\tSarphatikade 17\n\n1017 VM Amsterdam\n\nDie Niederlande\t\t\t\t\t<\/p>\n\t\t\t\t\n\t\t\t<\/div>\n\t\t\t\n\t\t<\/div>\n\t\t\t\t\t\t<\/div>\n\t\t\t\t<div class=\"elementor-element elementor-element-2ab5fe6 elementor-widget__width-auto elementor-align-left elementor-widget elementor-widget-button\" data-id=\"2ab5fe6\" data-element_type=\"widget\" data-e-type=\"widget\" data-widget_type=\"button.default\">\n\t\t\t\t\t\t\t\t\t\t<a class=\"elementor-button elementor-button-link elementor-size-sm\" href=\"#\">\n\t\t\t\t\t\t<span class=\"elementor-button-content-wrapper\">\n\t\t\t\t\t\t<span class=\"elementor-button-icon\">\n\t\t\t\t<svg aria-hidden=\"true\" class=\"e-font-icon-svg e-fas-chevron-right\" viewbox=\"0 0 320 512\" xmlns=\"http:\/\/www.w3.org\/2000\/svg\"><path d=\"M285.476 272.971L91.132 467.314c-9.373 9.373-24.569 9.373-33.941 0l-22.667-22.667c-9.357-9.357-9.375-24.522-.04-33.901L188.505 256 34.484 101.255c-9.335-9.379-9.317-24.544.04-33.901l22.667-22.667c9.373-9.373 24.569-9.373 33.941 0L285.475 239.03c9.373 9.372 9.373 24.568.001 33.941z\"><\/path><\/svg>\t\t\t<\/span>\n\t\t\t\t\t\t\t\t\t<span class=\"elementor-button-text\">Vind ons<\/span>\n\t\t\t\t\t<\/span>\n\t\t\t\t\t<\/a>\n\t\t\t\t\t\t\t\t<\/div>\n\t\t\t\t<\/div>\n\t\t\t\t<\/div>\n\t\t<div class=\"elementor-element elementor-element-2eae2a5c e-con-full e-flex e-con e-child\" data-id=\"2eae2a5c\" data-element_type=\"container\" data-e-type=\"container\">\n\t\t\t\t<div class=\"elementor-element elementor-element-36f716ac elementor-widget elementor-widget-google_maps\" data-id=\"36f716ac\" data-element_type=\"widget\" data-e-type=\"widget\" data-widget_type=\"google_maps.default\">\n\t\t\t\t\t\t\t<div class=\"elementor-custom-embed\">\n\t\t\t<iframe loading=\"lazy\"\n\t\t\t\t\tsrc=\"https:\/\/maps.google.com\/maps?q=Sarphatikade%2017%201017%20VM%20Amsterdam&#038;t=m&#038;z=12&#038;output=embed&#038;iwloc=near\"\n\t\t\t\t\ttitle=\"Sarphatikade 17 1017 VM Amsterdam\"\n\t\t\t\t\taria-label=\"Sarphatikade 17 1017 VM Amsterdam\"\n\t\t\t><\/iframe>\n\t\t<\/div>\n\t\t\t\t\t\t<\/div>\n\t\t\t\t<\/div>\n\t\t\t\t<\/div>\n\t\t\t\t\t<\/div>\n\t\t\t\t<\/div>\n\t\t<div class=\"elementor-element elementor-element-76cacae e-flex e-con-boxed e-con e-parent\" data-id=\"76cacae\" data-element_type=\"container\" data-e-type=\"container\">\n\t\t\t\t\t<div class=\"e-con-inner\">\n\t\t\t\t<div class=\"elementor-element elementor-element-7a31847 elementor-widget elementor-widget-heading\" data-id=\"7a31847\" data-element_type=\"widget\" data-e-type=\"widget\" data-widget_type=\"heading.default\">\n\t\t\t\t\t<h2 class=\"elementor-heading-title elementor-size-default\">\u00d6ffentliche Verkehrsmittel<\/h2>\t\t\t\t<\/div>\n\t\t\t\t<div class=\"elementor-element elementor-element-13e3c1c elementor-widget__width-initial elementor-widget elementor-widget-text-editor\" data-id=\"13e3c1c\" data-element_type=\"widget\" data-e-type=\"widget\" data-widget_type=\"text-editor.default\">\n\t\t\t\t\t\t\t\t\t<p>Wenn Sie in einem Hotel in Amsterdam wohnen, sind die \u00f6ffentlichen Verkehrsmittel die ideale M\u00f6glichkeit, die Stadt zu erkunden. Das \u00f6ffentliche Verkehrssystem in Amsterdam ist gut organisiert und bietet verschiedene M\u00f6glichkeiten wie Stra\u00dfenbahnen, Busse und U-Bahnen.<\/p><p>In Amsterdam gibt es verschiedene \u00f6ffentliche Verkehrsmittel, die sowohl von Touristen als auch von Einheimischen genutzt werden. Die am h\u00e4ufigsten genutzten Linien sind die Stra\u00dfenbahnen und U-Bahnen, die Sie schnell und einfach zu allen wichtigen Sehensw\u00fcrdigkeiten der Stadt bringen.<\/p><p>Die Stra\u00dfenbahnlinie 2 ist bei Touristen sehr beliebt, da sie an vielen wichtigen Sehensw\u00fcrdigkeiten vorbeif\u00fchrt, darunter das Rijksmuseum, das Van Gogh Museum und das Anne Frank Haus. Die Stra\u00dfenbahnlinie 5 f\u00fchrt vom Hauptbahnhof zum Amsterdamse Bos und ist eine ideale Strecke f\u00fcr Naturliebhaber.<\/p><p>Wenn Sie sich schnell in der Stadt bewegen m\u00f6chten, ist die U-Bahn die beste Option. Die Linie 52 ist die Nord-S\u00fcd-Linie und bringt Sie in k\u00fcrzester Zeit vom Norden der Stadt in den S\u00fcden und umgekehrt. Diese Linie h\u00e4lt an wichtigen Sehensw\u00fcrdigkeiten wie dem Hauptbahnhof, dem Damm und dem Albert-Cuyp-Markt.<\/p><p>Schlie\u00dflich gibt es auch mehrere Buslinien, die durch die Stadt fahren und Sie in weniger touristische Gebiete bringen. Sie k\u00f6nnen zum Beispiel die Buslinie 21 zum Westerpark oder die Buslinie 22 zum Bahnhof Muiderpoort nehmen.<\/p><p>Unabh\u00e4ngig davon, welche Linien Sie nehmen, sind die \u00f6ffentlichen Verkehrsmittel in Amsterdam eine schnelle und bequeme M\u00f6glichkeit, die Stadt zu erkunden. Mit der OV-Chipkaart k\u00f6nnen Sie einfach ein- und aussteigen und ohne Probleme zu Ihrem Ziel reisen.<\/p>\t\t\t\t\t\t\t\t<\/div>\n\t\t\t\t\t<\/div>\n\t\t\t\t<\/div>\n\t\t<div class=\"elementor-element elementor-element-5f19fc31 e-flex e-con-boxed e-con e-parent\" data-id=\"5f19fc31\" data-element_type=\"container\" data-e-type=\"container\" id=\"contactformulier\">\n\t\t\t\t\t<div class=\"e-con-inner\">\n\t\t\t\t<div class=\"elementor-element elementor-element-272989f1 elementor-widget elementor-widget-heading\" data-id=\"272989f1\" data-element_type=\"widget\" data-e-type=\"widget\" data-widget_type=\"heading.default\">\n\t\t\t\t\t<h2 class=\"elementor-heading-title elementor-size-default\">Kontakt<\/h2>\t\t\t\t<\/div>\n\t\t\t\t<div class=\"elementor-element elementor-element-19ec259a elementor-widget elementor-widget-heading\" data-id=\"19ec259a\" data-element_type=\"widget\" data-e-type=\"widget\" data-widget_type=\"heading.default\">\n\t\t\t\t\t<h2 class=\"elementor-heading-title elementor-size-default\">Nehmen Sie Kontakt mit uns auf<\/h2>\t\t\t\t<\/div>\n\t\t\t\t<div class=\"elementor-element elementor-element-7b49ca7 elementor-widget elementor-widget-text-editor\" data-id=\"7b49ca7\" data-element_type=\"widget\" data-e-type=\"widget\" data-widget_type=\"text-editor.default\">\n\t\t\t\t\t\t\t\t\t<p>Wir freuen uns \u00fcber Ihre Anfragen und sind bereit, Sie bei Ihren W\u00fcnschen und Bed\u00fcrfnissen zu unterst\u00fctzen.<\/p>\t\t\t\t\t\t\t\t<\/div>\n\t\t<div class=\"elementor-element elementor-element-371e6c8 e-flex e-con-boxed e-con e-child\" data-id=\"371e6c8\" data-element_type=\"container\" data-e-type=\"container\">\n\t\t\t\t\t<div class=\"e-con-inner\">\n\t\t<div class=\"elementor-element elementor-element-3c99e0d2 e-con-full e-flex e-con e-child\" data-id=\"3c99e0d2\" data-element_type=\"container\" data-e-type=\"container\" data-settings=\"{&quot;background_background&quot;:&quot;classic&quot;}\">\n\t\t\t\t<div class=\"elementor-element elementor-element-6fc42198 elementor-widget elementor-widget-heading\" data-id=\"6fc42198\" data-element_type=\"widget\" data-e-type=\"widget\" data-widget_type=\"heading.default\">\n\t\t\t\t\t<h2 class=\"elementor-heading-title elementor-size-default\">Unsere Kontaktinformationen<\/h2>\t\t\t\t<\/div>\n\t\t\t\t<div class=\"elementor-element elementor-element-6a17dcdb elementor-widget elementor-widget-text-editor\" data-id=\"6a17dcdb\" data-element_type=\"widget\" data-e-type=\"widget\" data-widget_type=\"text-editor.default\">\n\t\t\t\t\t\t\t\t\t<p>F\u00fcr alle Ihre Fragen oder Hilfestellungen k\u00f6nnen Sie uns jederzeit kontaktieren.<\/p>\t\t\t\t\t\t\t\t<\/div>\n\t\t<div class=\"elementor-element elementor-element-7595bab7 e-con-full e-flex e-con e-child\" data-id=\"7595bab7\" data-element_type=\"container\" data-e-type=\"container\" data-settings=\"{&quot;background_background&quot;:&quot;classic&quot;}\">\n\t\t\t\t<div class=\"elementor-element elementor-element-3c2249f7 elementor-position-inline-start elementor-view-default elementor-mobile-position-block-start elementor-widget elementor-widget-icon-box\" data-id=\"3c2249f7\" data-element_type=\"widget\" data-e-type=\"widget\" data-widget_type=\"icon-box.default\">\n\t\t\t\t\t\t\t<div class=\"elementor-icon-box-wrapper\">\n\n\t\t\t\t\t\t<div class=\"elementor-icon-box-icon\">\n\t\t\t\t<span  class=\"elementor-icon\">\n\t\t\t\t<svg aria-hidden=\"true\" class=\"e-font-icon-svg e-fas-phone-alt\" viewbox=\"0 0 512 512\" xmlns=\"http:\/\/www.w3.org\/2000\/svg\"><path d=\"M497.39 361.8l-112-48a24 24 0 0 0-28 6.9l-49.6 60.6A370.66 370.66 0 0 1 130.6 204.11l60.6-49.6a23.94 23.94 0 0 0 6.9-28l-48-112A24.16 24.16 0 0 0 122.6.61l-104 24A24 24 0 0 0 0 48c0 256.5 207.9 464 464 464a24 24 0 0 0 23.4-18.6l24-104a24.29 24.29 0 0 0-14.01-27.6z\"><\/path><\/svg>\t\t\t\t<\/span>\n\t\t\t<\/div>\n\t\t\t\n\t\t\t\t\t\t<div class=\"elementor-icon-box-content\">\n\n\t\t\t\t\t\t\t\t\t<h3 class=\"elementor-icon-box-title\">\n\t\t\t\t\t\t<span  >\n\t\t\t\t\t\t\tTelefon\t\t\t\t\t\t<\/span>\n\t\t\t\t\t<\/h3>\n\t\t\t\t\n\t\t\t\t\t\t\t\t\t<p class=\"elementor-icon-box-description\">\n\t\t\t\t\t\tRufen Sie uns an, wenn Sie sofort Hilfe ben\u00f6tigen oder eine Reservierung in unserem Hotel vornehmen m\u00f6chten.\t\t\t\t\t<\/p>\n\t\t\t\t\n\t\t\t<\/div>\n\t\t\t\n\t\t<\/div>\n\t\t\t\t\t\t<\/div>\n\t\t\t\t<div class=\"elementor-element elementor-element-614571ea elementor-widget__width-auto elementor-widget elementor-widget-button\" data-id=\"614571ea\" data-element_type=\"widget\" data-e-type=\"widget\" data-widget_type=\"button.default\">\n\t\t\t\t\t\t\t\t\t\t<a class=\"elementor-button elementor-button-link elementor-size-sm\" href=\"tel:+31%206%2011791650\">\n\t\t\t\t\t\t<span class=\"elementor-button-content-wrapper\">\n\t\t\t\t\t\t\t\t\t<span class=\"elementor-button-text\">Jetzt anrufen<\/span>\n\t\t\t\t\t<\/span>\n\t\t\t\t\t<\/a>\n\t\t\t\t\t\t\t\t<\/div>\n\t\t\t\t<\/div>\n\t\t\t\t<\/div>\n\t\t\t\t\t<\/div>\n\t\t\t\t<\/div>\n\t\t\t\t\t<\/div>\n\t\t\t\t<\/div>\n\t\t<div class=\"elementor-element elementor-element-97a4aef e-flex e-con-boxed e-con e-parent\" data-id=\"97a4aef\" data-element_type=\"container\" data-e-type=\"container\">\n\t\t\t\t\t<div class=\"e-con-inner\">\n\t\t\t\t<div class=\"elementor-element elementor-element-56690a3 elementor-widget elementor-widget-global elementor-global-657 elementor-widget-html\" data-id=\"56690a3\" data-element_type=\"widget\" data-e-type=\"widget\" data-widget_type=\"html.default\">\n\t\t\t\t\t<script async\n  src=\"https:\/\/webchat.runnr.ai\/chat\/chat-widget.js\"\n  type=\"application\/javascript\"\n  data-widget=\"chat\"\n  data-title=\"Chat with If boutique hotel\"\n  data-btn-title=\"Chat with us\"\n  data-primary-color=\"#C1AD7B\"\n  crossorigin=\"anonymous\">\n<\/script>\t\t\t\t<\/div>\n\t\t\t\t\t<\/div>\n\t\t\t\t<\/div>\n\t\t\t\t<\/div>","protected":false},"excerpt":{"rendered":"<p>Welcome to IF Boutique hotel At IF Boutique hotel, we invite you to contact us with any questions or to make reservations. Our team is dedicated to ensuring your experience is memorable right from the very first interaction. Whether you are looking for relaxation or excitement, we are ready to assist you every step of [&hellip;]<\/p>\n","protected":false},"author":1,"featured_media":0,"parent":0,"menu_order":0,"comment_status":"closed","ping_status":"closed","template":"","meta":{"footnotes":""},"class_list":["post-64","page","type-page","status-publish","hentry"],"yoast_head":"<!-- This site is optimized with the Yoast SEO plugin v27.3 - https:\/\/yoast.com\/product\/yoast-seo-wordpress\/ -->\n<title>Contact - ifboutiquehotel<\/title>\n<meta name=\"robots\" content=\"index, follow, max-snippet:-1, max-image-preview:large, max-video-preview:-1\" \/>\n<link rel=\"canonical\" href=\"https:\/\/ifboutiquehotel.com\/de\/contact\/\" \/>\n<meta property=\"og:locale\" content=\"de_DE\" \/>\n<meta property=\"og:type\" content=\"article\" \/>\n<meta property=\"og:title\" content=\"Contact - ifboutiquehotel\" \/>\n<meta property=\"og:description\" content=\"Welcome to IF Boutique hotel At IF Boutique hotel, we invite you to contact us with any questions or to make reservations. Our team is dedicated to ensuring your experience is memorable right from the very first interaction. Whether you are looking for relaxation or excitement, we are ready to assist you every step of [&hellip;]\" \/>\n<meta property=\"og:url\" content=\"https:\/\/ifboutiquehotel.com\/de\/contact\/\" \/>\n<meta property=\"og:site_name\" content=\"ifboutiquehotel\" \/>\n<meta property=\"article:modified_time\" content=\"2026-02-18T11:46:59+00:00\" \/>\n<meta name=\"twitter:card\" content=\"summary_large_image\" \/>\n<meta name=\"twitter:label1\" content=\"Gesch\u00e4tzte Lesezeit\" \/>\n\t<meta name=\"twitter:data1\" content=\"2\u00a0Minuten\" \/>\n<script type=\"application\/ld+json\" class=\"yoast-schema-graph\">{\"@context\":\"https:\\\/\\\/schema.org\",\"@graph\":[{\"@type\":\"WebPage\",\"@id\":\"https:\\\/\\\/ifboutiquehotel.com\\\/contact\\\/\",\"url\":\"https:\\\/\\\/ifboutiquehotel.com\\\/contact\\\/\",\"name\":\"Contact - ifboutiquehotel\",\"isPartOf\":{\"@id\":\"https:\\\/\\\/ifboutiquehotel.com\\\/#website\"},\"datePublished\":\"2025-11-26T12:07:25+00:00\",\"dateModified\":\"2026-02-18T11:46:59+00:00\",\"breadcrumb\":{\"@id\":\"https:\\\/\\\/ifboutiquehotel.com\\\/contact\\\/#breadcrumb\"},\"inLanguage\":\"de\",\"potentialAction\":[{\"@type\":\"ReadAction\",\"target\":[\"https:\\\/\\\/ifboutiquehotel.com\\\/contact\\\/\"]}]},{\"@type\":\"BreadcrumbList\",\"@id\":\"https:\\\/\\\/ifboutiquehotel.com\\\/contact\\\/#breadcrumb\",\"itemListElement\":[{\"@type\":\"ListItem\",\"position\":1,\"name\":\"Home\",\"item\":\"https:\\\/\\\/ifboutiquehotel.com\\\/\"},{\"@type\":\"ListItem\",\"position\":2,\"name\":\"Contact\"}]},{\"@type\":\"WebSite\",\"@id\":\"https:\\\/\\\/ifboutiquehotel.com\\\/#website\",\"url\":\"https:\\\/\\\/ifboutiquehotel.com\\\/\",\"name\":\"ifboutiquehotel\",\"description\":\"\",\"publisher\":{\"@id\":\"https:\\\/\\\/ifboutiquehotel.com\\\/#organization\"},\"potentialAction\":[{\"@type\":\"SearchAction\",\"target\":{\"@type\":\"EntryPoint\",\"urlTemplate\":\"https:\\\/\\\/ifboutiquehotel.com\\\/?s={search_term_string}\"},\"query-input\":{\"@type\":\"PropertyValueSpecification\",\"valueRequired\":true,\"valueName\":\"search_term_string\"}}],\"inLanguage\":\"de\"},{\"@type\":\"Organization\",\"@id\":\"https:\\\/\\\/ifboutiquehotel.com\\\/#organization\",\"name\":\"ifboutiquehotel\",\"url\":\"https:\\\/\\\/ifboutiquehotel.com\\\/\",\"logo\":{\"@type\":\"ImageObject\",\"inLanguage\":\"de\",\"@id\":\"https:\\\/\\\/ifboutiquehotel.com\\\/#\\\/schema\\\/logo\\\/image\\\/\",\"url\":\"https:\\\/\\\/ifboutiquehotel.com\\\/wp-content\\\/uploads\\\/sites\\\/3\\\/2025\\\/11\\\/imgi_1_site-logo.svg\",\"contentUrl\":\"https:\\\/\\\/ifboutiquehotel.com\\\/wp-content\\\/uploads\\\/sites\\\/3\\\/2025\\\/11\\\/imgi_1_site-logo.svg\",\"width\":438,\"height\":576,\"caption\":\"ifboutiquehotel\"},\"image\":{\"@id\":\"https:\\\/\\\/ifboutiquehotel.com\\\/#\\\/schema\\\/logo\\\/image\\\/\"}}]}<\/script>\n<!-- \/ Yoast SEO plugin. -->","yoast_head_json":{"title":"Kontakt - ifboutiquehotel","robots":{"index":"index","follow":"follow","max-snippet":"max-snippet:-1","max-image-preview":"max-image-preview:large","max-video-preview":"max-video-preview:-1"},"canonical":"https:\/\/ifboutiquehotel.com\/de\/contact\/","og_locale":"de_DE","og_type":"article","og_title":"Contact - ifboutiquehotel","og_description":"Welcome to IF Boutique hotel At IF Boutique hotel, we invite you to contact us with any questions or to make reservations. Our team is dedicated to ensuring your experience is memorable right from the very first interaction. Whether you are looking for relaxation or excitement, we are ready to assist you every step of [&hellip;]","og_url":"https:\/\/ifboutiquehotel.com\/de\/contact\/","og_site_name":"ifboutiquehotel","article_modified_time":"2026-02-18T11:46:59+00:00","twitter_card":"summary_large_image","twitter_misc":{"Gesch\u00e4tzte Lesezeit":"2\u00a0Minuten"},"schema":{"@context":"https:\/\/schema.org","@graph":[{"@type":"WebPage","@id":"https:\/\/ifboutiquehotel.com\/contact\/","url":"https:\/\/ifboutiquehotel.com\/contact\/","name":"Kontakt - ifboutiquehotel","isPartOf":{"@id":"https:\/\/ifboutiquehotel.com\/#website"},"datePublished":"2025-11-26T12:07:25+00:00","dateModified":"2026-02-18T11:46:59+00:00","breadcrumb":{"@id":"https:\/\/ifboutiquehotel.com\/contact\/#breadcrumb"},"inLanguage":"de","potentialAction":[{"@type":"ReadAction","target":["https:\/\/ifboutiquehotel.com\/contact\/"]}]},{"@type":"BreadcrumbList","@id":"https:\/\/ifboutiquehotel.com\/contact\/#breadcrumb","itemListElement":[{"@type":"ListItem","position":1,"name":"Home","item":"https:\/\/ifboutiquehotel.com\/"},{"@type":"ListItem","position":2,"name":"Contact"}]},{"@type":"WebSite","@id":"https:\/\/ifboutiquehotel.com\/#website","url":"https:\/\/ifboutiquehotel.com\/","name":"ifboutiquehotel","description":"","publisher":{"@id":"https:\/\/ifboutiquehotel.com\/#organization"},"potentialAction":[{"@type":"SearchAction","target":{"@type":"EntryPoint","urlTemplate":"https:\/\/ifboutiquehotel.com\/?s={search_term_string}"},"query-input":{"@type":"PropertyValueSpecification","valueRequired":true,"valueName":"search_term_string"}}],"inLanguage":"de"},{"@type":"Organization","@id":"https:\/\/ifboutiquehotel.com\/#organization","name":"ifboutiquehotel","url":"https:\/\/ifboutiquehotel.com\/","logo":{"@type":"ImageObject","inLanguage":"de","@id":"https:\/\/ifboutiquehotel.com\/#\/schema\/logo\/image\/","url":"https:\/\/ifboutiquehotel.com\/wp-content\/uploads\/sites\/3\/2025\/11\/imgi_1_site-logo.svg","contentUrl":"https:\/\/ifboutiquehotel.com\/wp-content\/uploads\/sites\/3\/2025\/11\/imgi_1_site-logo.svg","width":438,"height":576,"caption":"ifboutiquehotel"},"image":{"@id":"https:\/\/ifboutiquehotel.com\/#\/schema\/logo\/image\/"}}]}},"_links":{"self":[{"href":"https:\/\/ifboutiquehotel.com\/de\/wp-json\/wp\/v2\/pages\/64","targetHints":{"allow":["GET"]}}],"collection":[{"href":"https:\/\/ifboutiquehotel.com\/de\/wp-json\/wp\/v2\/pages"}],"about":[{"href":"https:\/\/ifboutiquehotel.com\/de\/wp-json\/wp\/v2\/types\/page"}],"author":[{"embeddable":true,"href":"https:\/\/ifboutiquehotel.com\/de\/wp-json\/wp\/v2\/users\/1"}],"replies":[{"embeddable":true,"href":"https:\/\/ifboutiquehotel.com\/de\/wp-json\/wp\/v2\/comments?post=64"}],"version-history":[{"count":55,"href":"https:\/\/ifboutiquehotel.com\/de\/wp-json\/wp\/v2\/pages\/64\/revisions"}],"predecessor-version":[{"id":720,"href":"https:\/\/ifboutiquehotel.com\/de\/wp-json\/wp\/v2\/pages\/64\/revisions\/720"}],"wp:attachment":[{"href":"https:\/\/ifboutiquehotel.com\/de\/wp-json\/wp\/v2\/media?parent=64"}],"curies":[{"name":"wp","href":"https:\/\/api.w.org\/{rel}","templated":true}]}}