{"id":59,"date":"2025-11-26T12:07:22","date_gmt":"2025-11-26T12:07:22","guid":{"rendered":"https:\/\/ifboutiquehotel.rezxs.com\/about-us\/"},"modified":"2026-02-13T12:51:56","modified_gmt":"2026-02-13T12:51:56","slug":"surroundings","status":"publish","type":"page","link":"https:\/\/ifboutiquehotel.com\/de\/surroundings\/","title":{"rendered":"surroundings"},"content":{"rendered":"<div data-elementor-type=\"wp-page\" data-elementor-id=\"59\" class=\"elementor elementor-59\" data-elementor-post-type=\"page\">\n\t\t\t\t<div class=\"elementor-element elementor-element-29374bf9 e-flex e-con-boxed e-con e-parent\" data-id=\"29374bf9\" data-element_type=\"container\" data-e-type=\"container\" data-settings=\"{&quot;background_background&quot;:&quot;classic&quot;}\">\n\t\t\t\t\t<div class=\"e-con-inner\">\n\t\t<div class=\"elementor-element elementor-element-597001fb e-con-full e-flex e-con e-child\" data-id=\"597001fb\" data-element_type=\"container\" data-e-type=\"container\">\n\t\t\t\t<div class=\"elementor-element elementor-element-5a0fdbb4 elementor-widget elementor-widget-heading\" data-id=\"5a0fdbb4\" data-element_type=\"widget\" data-e-type=\"widget\" data-widget_type=\"heading.default\">\n\t\t\t\t\t<h2 class=\"elementor-heading-title elementor-size-default\">Wo Eleganz und Komfort aufeinandertreffen<\/h2>\t\t\t\t<\/div>\n\t\t\t\t<div class=\"elementor-element elementor-element-3ac7f200 elementor-widget elementor-widget-text-editor\" data-id=\"3ac7f200\" data-element_type=\"widget\" data-e-type=\"widget\" data-widget_type=\"text-editor.default\">\n\t\t\t\t\t\t\t\t\t<p>Willkommen im IF Boutique Hotel, wo wir Gastfreundschaft neu definieren. Tauchen Sie ein in eine heitere Umgebung, die fachm\u00e4nnisch f\u00fcr Entspannung und Ruhe konzipiert wurde. Unser ma\u00dfgeschneiderter Service und unsere exquisiten Annehmlichkeiten garantieren jedem Gast einen unvergesslichen Aufenthalt.<\/p>\t\t\t\t\t\t\t\t<\/div>\n\t\t\t\t<\/div>\n\t\t\t\t\t<\/div>\n\t\t\t\t<\/div>\n\t\t<div class=\"elementor-element elementor-element-5493af35 e-flex e-con-boxed e-con e-parent\" data-id=\"5493af35\" data-element_type=\"container\" data-e-type=\"container\" data-settings=\"{&quot;background_background&quot;:&quot;classic&quot;}\">\n\t\t\t\t\t<div class=\"e-con-inner\">\n\t\t<div class=\"elementor-element elementor-element-219110ca e-con-full e-flex e-con e-child\" data-id=\"219110ca\" data-element_type=\"container\" data-e-type=\"container\">\n\t\t\t\t<div class=\"elementor-element elementor-element-50a0c34e elementor-widget elementor-widget-heading\" data-id=\"50a0c34e\" data-element_type=\"widget\" data-e-type=\"widget\" data-widget_type=\"heading.default\">\n\t\t\t\t\t<h2 class=\"elementor-heading-title elementor-size-default\">\u00dcber die Stadt<\/h2>\t\t\t\t<\/div>\n\t\t\t\t<div class=\"elementor-element elementor-element-8fc540e elementor-widget elementor-widget-text-editor\" data-id=\"8fc540e\" data-element_type=\"widget\" data-e-type=\"widget\" data-widget_type=\"text-editor.default\">\n\t\t\t\t\t\t\t\t\t<p>Lassen Sie sich von unserem einladenden Hotel in den Bann von Amsterdam ziehen! Lassen Sie sich von der einzigartigen Atmosph\u00e4re dieser pulsierenden Stadt verzaubern, in der Geschichte, Kultur und Unterhaltung Hand in Hand gehen. Von unserem perfekt gelegenen Hotel im Herzen der Stadt aus haben Sie alle Abenteuer Amsterdams zum Greifen nah. Machen Sie sich bereit f\u00fcr ein unvergessliches Reiseerlebnis!<\/p>\t\t\t\t\t\t\t\t<\/div>\n\t\t\t\t<\/div>\n\t\t<div class=\"elementor-element elementor-element-f89551 e-con-full e-flex e-con e-child\" data-id=\"f89551\" data-element_type=\"container\" data-e-type=\"container\">\n\t\t\t\t<div class=\"elementor-element elementor-element-72ff9dd3 elementor-widget elementor-widget-image\" data-id=\"72ff9dd3\" data-element_type=\"widget\" data-e-type=\"widget\" data-widget_type=\"image.default\">\n\t\t\t\t\t\t\t\t\t\t\t\t\t\t\t<img fetchpriority=\"high\" decoding=\"async\" width=\"1280\" height=\"803\" src=\"https:\/\/ifboutiquehotel.com\/wp-content\/uploads\/sites\/3\/2025\/12\/amsterdam-centraal-station-6778948_1280-1.jpg\" class=\"attachment-full size-full wp-image-360\" alt=\"\" srcset=\"https:\/\/ifboutiquehotel.com\/wp-content\/uploads\/sites\/3\/2025\/12\/amsterdam-centraal-station-6778948_1280-1.jpg 1280w, https:\/\/ifboutiquehotel.com\/wp-content\/uploads\/sites\/3\/2025\/12\/amsterdam-centraal-station-6778948_1280-1-300x188.jpg 300w, https:\/\/ifboutiquehotel.com\/wp-content\/uploads\/sites\/3\/2025\/12\/amsterdam-centraal-station-6778948_1280-1-1024x642.jpg 1024w, https:\/\/ifboutiquehotel.com\/wp-content\/uploads\/sites\/3\/2025\/12\/amsterdam-centraal-station-6778948_1280-1-768x482.jpg 768w, https:\/\/ifboutiquehotel.com\/wp-content\/uploads\/sites\/3\/2025\/12\/amsterdam-centraal-station-6778948_1280-1-18x12.jpg 18w\" sizes=\"(max-width: 1280px) 100vw, 1280px\" \/>\t\t\t\t\t\t\t\t\t\t\t\t\t\t\t<\/div>\n\t\t\t\t<\/div>\n\t\t\t\t\t<\/div>\n\t\t\t\t<\/div>\n\t\t<div class=\"elementor-element elementor-element-fbd82c8 e-flex e-con-boxed e-con e-parent\" data-id=\"fbd82c8\" data-element_type=\"container\" data-e-type=\"container\" data-settings=\"{&quot;background_background&quot;:&quot;classic&quot;}\">\n\t\t\t\t\t<div class=\"e-con-inner\">\n\t\t<div class=\"elementor-element elementor-element-b86d9bb e-con-full e-flex e-con e-child\" data-id=\"b86d9bb\" data-element_type=\"container\" data-e-type=\"container\">\n\t\t\t\t<div class=\"elementor-element elementor-element-7310966 elementor-widget elementor-widget-heading\" data-id=\"7310966\" data-element_type=\"widget\" data-e-type=\"widget\" data-widget_type=\"heading.default\">\n\t\t\t\t\t<h2 class=\"elementor-heading-title elementor-size-default\">Sehensw\u00fcrdigkeiten<\/h2>\t\t\t\t<\/div>\n\t\t\t\t<div class=\"elementor-element elementor-element-51d9d93 elementor-widget elementor-widget-text-editor\" data-id=\"51d9d93\" data-element_type=\"widget\" data-e-type=\"widget\" data-widget_type=\"text-editor.default\">\n\t\t\t\t\t\t\t\t\t<p>W\u00e4hrend Ihres Aufenthalts sollten Sie auf keinen Fall das Rijksmuseum und das Van-Gogh-Museum verpassen, ein Muss f\u00fcr Kunstliebhaber. Genie\u00dfen Sie eine Bootsfahrt auf den Amsterdamer Grachten und genie\u00dfen Sie die atemberaubende Aussicht auf die Stadt. Das historische Viertel Jordaan l\u00e4dt mit seinen charmanten Stra\u00dfen zu einem gem\u00fctlichen Spaziergang ein. F\u00fcr Geschichtsinteressierte ist das Anne-Frank-Haus ein Muss. Auf dem Albert-Cuyp-Markt finden Sie frische Produkte und Souvenirs. Der Vondelpark ist ideal zum Radfahren, Picknicken und Entspannen in der Natur. Erleben Sie das pulsierende Leben in Amsterdam und genie\u00dfen Sie Ihren Aufenthalt bei uns!<\/p>\t\t\t\t\t\t\t\t<\/div>\n\t\t\t\t<\/div>\n\t\t<div class=\"elementor-element elementor-element-ca145dd e-con-full e-flex e-con e-child\" data-id=\"ca145dd\" data-element_type=\"container\" data-e-type=\"container\">\n\t\t\t\t<div class=\"elementor-element elementor-element-00aa348 elementor-widget elementor-widget-image\" data-id=\"00aa348\" data-element_type=\"widget\" data-e-type=\"widget\" data-widget_type=\"image.default\">\n\t\t\t\t\t\t\t\t\t\t\t\t\t\t\t<img decoding=\"async\" width=\"1280\" height=\"819\" src=\"https:\/\/ifboutiquehotel.com\/wp-content\/uploads\/sites\/3\/2025\/12\/rijksmuseum-2127625_1280-1.jpg\" class=\"attachment-full size-full wp-image-359\" alt=\"\" srcset=\"https:\/\/ifboutiquehotel.com\/wp-content\/uploads\/sites\/3\/2025\/12\/rijksmuseum-2127625_1280-1.jpg 1280w, https:\/\/ifboutiquehotel.com\/wp-content\/uploads\/sites\/3\/2025\/12\/rijksmuseum-2127625_1280-1-300x192.jpg 300w, https:\/\/ifboutiquehotel.com\/wp-content\/uploads\/sites\/3\/2025\/12\/rijksmuseum-2127625_1280-1-1024x655.jpg 1024w, https:\/\/ifboutiquehotel.com\/wp-content\/uploads\/sites\/3\/2025\/12\/rijksmuseum-2127625_1280-1-768x491.jpg 768w, https:\/\/ifboutiquehotel.com\/wp-content\/uploads\/sites\/3\/2025\/12\/rijksmuseum-2127625_1280-1-18x12.jpg 18w\" sizes=\"(max-width: 1280px) 100vw, 1280px\" \/>\t\t\t\t\t\t\t\t\t\t\t\t\t\t\t<\/div>\n\t\t\t\t<\/div>\n\t\t\t\t\t<\/div>\n\t\t\t\t<\/div>\n\t\t<div class=\"elementor-element elementor-element-cdaf038 e-flex e-con-boxed e-con e-parent\" data-id=\"cdaf038\" data-element_type=\"container\" data-e-type=\"container\">\n\t\t\t\t\t<div class=\"e-con-inner\">\n\t\t\t\t<div class=\"elementor-element elementor-element-c4b640c elementor-widget elementor-widget-heading\" data-id=\"c4b640c\" data-element_type=\"widget\" data-e-type=\"widget\" data-widget_type=\"heading.default\">\n\t\t\t\t\t<h2 class=\"elementor-heading-title elementor-size-default\">Restaurants<\/h2>\t\t\t\t<\/div>\n\t\t\t\t<div class=\"elementor-element elementor-element-f9ba8aa elementor-widget elementor-widget-text-editor\" data-id=\"f9ba8aa\" data-element_type=\"widget\" data-e-type=\"widget\" data-widget_type=\"text-editor.default\">\n\t\t\t\t\t\t\t\t\t<p>Wenn Sie auf der Suche nach unterhaltsamen und k\u00f6stlichen Essensm\u00f6glichkeiten in Amsterdam sind, m\u00fcssen Sie nicht lange suchen. Die Stadt ist voll von gem\u00fctlichen Caf\u00e9s, Restaurants und Lokalen, in denen Sie gro\u00dfartige Speisen und Getr\u00e4nke genie\u00dfen k\u00f6nnen.<\/p><p>Ein absolutes Muss ist De Foodhallen in einem ehemaligen Stra\u00dfenbahndepot in Amsterdam West. Hier finden Sie eine Vielzahl von St\u00e4nden mit k\u00f6stlichen Speisen und Getr\u00e4nken aus der ganzen Welt. Von Sushi bis zu Burgern, von Gin Tonic bis zu Craft-Bieren, hier finden Sie alles.<\/p><p><a href=\"https:\/\/foodhallen.nl\">https:\/\/foodhallen.nl<\/a><\/p><p>Ein weiterer toller Ort ist das Pllek im kreativen NDSM-Viertel von Amsterdam Noord. Hier k\u00f6nnen Sie k\u00f6stliche Speisen und Getr\u00e4nke genie\u00dfen und dabei den Blick auf das IJ schweifen lassen. Au\u00dferdem finden hier regelm\u00e4\u00dfig Veranstaltungen wie Konzerte und Partys statt.<br \/><br \/><a href=\"https:\/\/pllek.nl\">https:\/\/pllek.nl<\/a><\/p><p>Ein ganz besonderes Erlebnis bietet das Restaurant C im historischen Stadtzentrum von Amsterdam. Hier k\u00f6nnen Sie ein exklusives Sechs-G\u00e4nge-Men\u00fc genie\u00dfen, das von K\u00fcchenchef Michiel van der Eerde zubereitet wird. Das Men\u00fc wechselt regelm\u00e4\u00dfig und wird von den Jahreszeiten und den lokalen Zutaten inspiriert.<\/p><p><a href=\"https:\/\/www.opentable.nl\/r\/restaurant-c-amsterdam\">https:\/\/www.opentable.nl\/r\/restaurant-c-amsterdam<\/a><\/p><p>Dies sind nur einige Beispiele f\u00fcr die vielen unterhaltsamen und k\u00f6stlichen gastronomischen M\u00f6glichkeiten in Amsterdam. Egal, ob Sie einen schnellen Imbiss oder ein komplettes Men\u00fc suchen, in dieser pulsierenden Stadt gibt es f\u00fcr jeden etwas zu genie\u00dfen.<\/p>\t\t\t\t\t\t\t\t<\/div>\n\t\t\t\t\t<\/div>\n\t\t\t\t<\/div>\n\t\t<div class=\"elementor-element elementor-element-3f377831 e-flex e-con-boxed e-con e-parent\" data-id=\"3f377831\" data-element_type=\"container\" data-e-type=\"container\" data-settings=\"{&quot;background_background&quot;:&quot;classic&quot;}\">\n\t\t\t\t\t<div class=\"e-con-inner\">\n\t\t<div class=\"elementor-element elementor-element-67735411 e-con-full e-flex e-con e-child\" data-id=\"67735411\" data-element_type=\"container\" data-e-type=\"container\">\n\t\t\t\t<div class=\"elementor-element elementor-element-1a1e220e elementor-widget elementor-widget-heading\" data-id=\"1a1e220e\" data-element_type=\"widget\" data-e-type=\"widget\" data-widget_type=\"heading.default\">\n\t\t\t\t\t<h4 class=\"elementor-heading-title elementor-size-default\">Erleben Sie Ruhe und Komfort im IF Boutique Hotel<\/h4>\t\t\t\t<\/div>\n\t\t\t\t<div class=\"elementor-element elementor-element-1638dfdf elementor-widget elementor-widget-text-editor\" data-id=\"1638dfdf\" data-element_type=\"widget\" data-e-type=\"widget\" data-widget_type=\"text-editor.default\">\n\t\t\t\t\t\t\t\t\t<p>Buchen Sie noch heute Ihren unvergesslichen Urlaub.<\/p>\t\t\t\t\t\t\t\t<\/div>\n\t\t\t\t<\/div>\n\t\t<div class=\"elementor-element elementor-element-35b4f2ad e-flex e-con-boxed e-con e-child\" data-id=\"35b4f2ad\" data-element_type=\"container\" data-e-type=\"container\">\n\t\t\t\t\t<div class=\"e-con-inner\">\n\t\t\t\t<div class=\"elementor-element elementor-element-5ad14c84 elementor-widget__width-auto elementor-mobile-align-center dynamische-boek-knop elementor-widget elementor-widget-button\" data-id=\"5ad14c84\" data-element_type=\"widget\" data-e-type=\"widget\" data-widget_type=\"button.default\">\n\t\t\t\t\t\t\t\t\t\t<a class=\"elementor-button elementor-button-link elementor-size-sm\" href=\"#\">\n\t\t\t\t\t\t<span class=\"elementor-button-content-wrapper\">\n\t\t\t\t\t\t\t\t\t<span class=\"elementor-button-text\">Jetzt reservieren<\/span>\n\t\t\t\t\t<\/span>\n\t\t\t\t\t<\/a>\n\t\t\t\t\t\t\t\t<\/div>\n\t\t\t\t\t<\/div>\n\t\t\t\t<\/div>\n\t\t\t\t\t<\/div>\n\t\t\t\t<\/div>\n\t\t<div class=\"elementor-element elementor-element-11e73ed e-flex e-con-boxed e-con e-parent\" data-id=\"11e73ed\" data-element_type=\"container\" data-e-type=\"container\">\n\t\t\t\t\t<div class=\"e-con-inner\">\n\t\t\t\t<div class=\"elementor-element elementor-element-22c9e34 elementor-widget elementor-widget-global elementor-global-657 elementor-widget-html\" data-id=\"22c9e34\" data-element_type=\"widget\" data-e-type=\"widget\" data-widget_type=\"html.default\">\n\t\t\t\t\t<script async\n  src=\"https:\/\/webchat.runnr.ai\/chat\/chat-widget.js\"\n  type=\"application\/javascript\"\n  data-widget=\"chat\"\n  data-title=\"Chat with If boutique hotel\"\n  data-btn-title=\"Chat with us\"\n  data-primary-color=\"#C1AD7B\"\n  crossorigin=\"anonymous\">\n<\/script>\t\t\t\t<\/div>\n\t\t\t\t\t<\/div>\n\t\t\t\t<\/div>\n\t\t\t\t<\/div>","protected":false},"excerpt":{"rendered":"<p>Where elegance and comfort meet Welcome to IF Boutique hotel, where we redefine hospitality. Immerse yourself in a serene environment, expertly designed for relaxation and tranquility. Our bespoke service and exquisite amenities guarantee an unforgettable stay for every guest. About the city Step into the magic of Amsterdam from our welcoming hotel! Let yourself be [&hellip;]<\/p>\n","protected":false},"author":1,"featured_media":0,"parent":0,"menu_order":0,"comment_status":"closed","ping_status":"closed","template":"","meta":{"footnotes":""},"class_list":["post-59","page","type-page","status-publish","hentry"],"yoast_head":"<!-- This site is optimized with the Yoast SEO plugin v27.3 - https:\/\/yoast.com\/product\/yoast-seo-wordpress\/ -->\n<title>surroundings - ifboutiquehotel<\/title>\n<meta name=\"robots\" content=\"index, follow, max-snippet:-1, max-image-preview:large, max-video-preview:-1\" \/>\n<link rel=\"canonical\" href=\"https:\/\/ifboutiquehotel.com\/de\/surroundings\/\" \/>\n<meta property=\"og:locale\" content=\"de_DE\" \/>\n<meta property=\"og:type\" content=\"article\" \/>\n<meta property=\"og:title\" content=\"surroundings - ifboutiquehotel\" \/>\n<meta property=\"og:description\" content=\"Where elegance and comfort meet Welcome to IF Boutique hotel, where we redefine hospitality. Immerse yourself in a serene environment, expertly designed for relaxation and tranquility. Our bespoke service and exquisite amenities guarantee an unforgettable stay for every guest. About the city Step into the magic of Amsterdam from our welcoming hotel! Let yourself be [&hellip;]\" \/>\n<meta property=\"og:url\" content=\"https:\/\/ifboutiquehotel.com\/de\/surroundings\/\" \/>\n<meta property=\"og:site_name\" content=\"ifboutiquehotel\" \/>\n<meta property=\"article:modified_time\" content=\"2026-02-13T12:51:56+00:00\" \/>\n<meta property=\"og:image\" content=\"https:\/\/ifboutiquehotel.rezxs.com\/wp-content\/uploads\/sites\/3\/2025\/12\/amsterdam-centraal-station-6778948_1280-1.jpg\" \/>\n<meta name=\"twitter:card\" content=\"summary_large_image\" \/>\n<meta name=\"twitter:label1\" content=\"Gesch\u00e4tzte Lesezeit\" \/>\n\t<meta name=\"twitter:data1\" content=\"2\u00a0Minuten\" \/>\n<script type=\"application\/ld+json\" class=\"yoast-schema-graph\">{\"@context\":\"https:\\\/\\\/schema.org\",\"@graph\":[{\"@type\":\"WebPage\",\"@id\":\"https:\\\/\\\/ifboutiquehotel.com\\\/surroundings\\\/\",\"url\":\"https:\\\/\\\/ifboutiquehotel.com\\\/surroundings\\\/\",\"name\":\"surroundings - ifboutiquehotel\",\"isPartOf\":{\"@id\":\"https:\\\/\\\/ifboutiquehotel.com\\\/#website\"},\"primaryImageOfPage\":{\"@id\":\"https:\\\/\\\/ifboutiquehotel.com\\\/surroundings\\\/#primaryimage\"},\"image\":{\"@id\":\"https:\\\/\\\/ifboutiquehotel.com\\\/surroundings\\\/#primaryimage\"},\"thumbnailUrl\":\"https:\\\/\\\/ifboutiquehotel.rezxs.com\\\/wp-content\\\/uploads\\\/sites\\\/3\\\/2025\\\/12\\\/amsterdam-centraal-station-6778948_1280-1.jpg\",\"datePublished\":\"2025-11-26T12:07:22+00:00\",\"dateModified\":\"2026-02-13T12:51:56+00:00\",\"breadcrumb\":{\"@id\":\"https:\\\/\\\/ifboutiquehotel.com\\\/surroundings\\\/#breadcrumb\"},\"inLanguage\":\"de\",\"potentialAction\":[{\"@type\":\"ReadAction\",\"target\":[\"https:\\\/\\\/ifboutiquehotel.com\\\/surroundings\\\/\"]}]},{\"@type\":\"ImageObject\",\"inLanguage\":\"de\",\"@id\":\"https:\\\/\\\/ifboutiquehotel.com\\\/surroundings\\\/#primaryimage\",\"url\":\"https:\\\/\\\/ifboutiquehotel.rezxs.com\\\/wp-content\\\/uploads\\\/sites\\\/3\\\/2025\\\/12\\\/amsterdam-centraal-station-6778948_1280-1.jpg\",\"contentUrl\":\"https:\\\/\\\/ifboutiquehotel.rezxs.com\\\/wp-content\\\/uploads\\\/sites\\\/3\\\/2025\\\/12\\\/amsterdam-centraal-station-6778948_1280-1.jpg\"},{\"@type\":\"BreadcrumbList\",\"@id\":\"https:\\\/\\\/ifboutiquehotel.com\\\/surroundings\\\/#breadcrumb\",\"itemListElement\":[{\"@type\":\"ListItem\",\"position\":1,\"name\":\"Home\",\"item\":\"https:\\\/\\\/ifboutiquehotel.com\\\/\"},{\"@type\":\"ListItem\",\"position\":2,\"name\":\"surroundings\"}]},{\"@type\":\"WebSite\",\"@id\":\"https:\\\/\\\/ifboutiquehotel.com\\\/#website\",\"url\":\"https:\\\/\\\/ifboutiquehotel.com\\\/\",\"name\":\"ifboutiquehotel\",\"description\":\"\",\"publisher\":{\"@id\":\"https:\\\/\\\/ifboutiquehotel.com\\\/#organization\"},\"potentialAction\":[{\"@type\":\"SearchAction\",\"target\":{\"@type\":\"EntryPoint\",\"urlTemplate\":\"https:\\\/\\\/ifboutiquehotel.com\\\/?s={search_term_string}\"},\"query-input\":{\"@type\":\"PropertyValueSpecification\",\"valueRequired\":true,\"valueName\":\"search_term_string\"}}],\"inLanguage\":\"de\"},{\"@type\":\"Organization\",\"@id\":\"https:\\\/\\\/ifboutiquehotel.com\\\/#organization\",\"name\":\"ifboutiquehotel\",\"url\":\"https:\\\/\\\/ifboutiquehotel.com\\\/\",\"logo\":{\"@type\":\"ImageObject\",\"inLanguage\":\"de\",\"@id\":\"https:\\\/\\\/ifboutiquehotel.com\\\/#\\\/schema\\\/logo\\\/image\\\/\",\"url\":\"https:\\\/\\\/ifboutiquehotel.com\\\/wp-content\\\/uploads\\\/sites\\\/3\\\/2025\\\/11\\\/imgi_1_site-logo.svg\",\"contentUrl\":\"https:\\\/\\\/ifboutiquehotel.com\\\/wp-content\\\/uploads\\\/sites\\\/3\\\/2025\\\/11\\\/imgi_1_site-logo.svg\",\"width\":438,\"height\":576,\"caption\":\"ifboutiquehotel\"},\"image\":{\"@id\":\"https:\\\/\\\/ifboutiquehotel.com\\\/#\\\/schema\\\/logo\\\/image\\\/\"}}]}<\/script>\n<!-- \/ Yoast SEO plugin. -->","yoast_head_json":{"title":"surroundings - ifboutiquehotel","robots":{"index":"index","follow":"follow","max-snippet":"max-snippet:-1","max-image-preview":"max-image-preview:large","max-video-preview":"max-video-preview:-1"},"canonical":"https:\/\/ifboutiquehotel.com\/de\/surroundings\/","og_locale":"de_DE","og_type":"article","og_title":"surroundings - ifboutiquehotel","og_description":"Where elegance and comfort meet Welcome to IF Boutique hotel, where we redefine hospitality. Immerse yourself in a serene environment, expertly designed for relaxation and tranquility. Our bespoke service and exquisite amenities guarantee an unforgettable stay for every guest. About the city Step into the magic of Amsterdam from our welcoming hotel! Let yourself be [&hellip;]","og_url":"https:\/\/ifboutiquehotel.com\/de\/surroundings\/","og_site_name":"ifboutiquehotel","article_modified_time":"2026-02-13T12:51:56+00:00","og_image":[{"url":"https:\/\/ifboutiquehotel.rezxs.com\/wp-content\/uploads\/sites\/3\/2025\/12\/amsterdam-centraal-station-6778948_1280-1.jpg","type":"","width":"","height":""}],"twitter_card":"summary_large_image","twitter_misc":{"Gesch\u00e4tzte Lesezeit":"2\u00a0Minuten"},"schema":{"@context":"https:\/\/schema.org","@graph":[{"@type":"WebPage","@id":"https:\/\/ifboutiquehotel.com\/surroundings\/","url":"https:\/\/ifboutiquehotel.com\/surroundings\/","name":"surroundings - ifboutiquehotel","isPartOf":{"@id":"https:\/\/ifboutiquehotel.com\/#website"},"primaryImageOfPage":{"@id":"https:\/\/ifboutiquehotel.com\/surroundings\/#primaryimage"},"image":{"@id":"https:\/\/ifboutiquehotel.com\/surroundings\/#primaryimage"},"thumbnailUrl":"https:\/\/ifboutiquehotel.rezxs.com\/wp-content\/uploads\/sites\/3\/2025\/12\/amsterdam-centraal-station-6778948_1280-1.jpg","datePublished":"2025-11-26T12:07:22+00:00","dateModified":"2026-02-13T12:51:56+00:00","breadcrumb":{"@id":"https:\/\/ifboutiquehotel.com\/surroundings\/#breadcrumb"},"inLanguage":"de","potentialAction":[{"@type":"ReadAction","target":["https:\/\/ifboutiquehotel.com\/surroundings\/"]}]},{"@type":"ImageObject","inLanguage":"de","@id":"https:\/\/ifboutiquehotel.com\/surroundings\/#primaryimage","url":"https:\/\/ifboutiquehotel.rezxs.com\/wp-content\/uploads\/sites\/3\/2025\/12\/amsterdam-centraal-station-6778948_1280-1.jpg","contentUrl":"https:\/\/ifboutiquehotel.rezxs.com\/wp-content\/uploads\/sites\/3\/2025\/12\/amsterdam-centraal-station-6778948_1280-1.jpg"},{"@type":"BreadcrumbList","@id":"https:\/\/ifboutiquehotel.com\/surroundings\/#breadcrumb","itemListElement":[{"@type":"ListItem","position":1,"name":"Home","item":"https:\/\/ifboutiquehotel.com\/"},{"@type":"ListItem","position":2,"name":"surroundings"}]},{"@type":"WebSite","@id":"https:\/\/ifboutiquehotel.com\/#website","url":"https:\/\/ifboutiquehotel.com\/","name":"ifboutiquehotel","description":"","publisher":{"@id":"https:\/\/ifboutiquehotel.com\/#organization"},"potentialAction":[{"@type":"SearchAction","target":{"@type":"EntryPoint","urlTemplate":"https:\/\/ifboutiquehotel.com\/?s={search_term_string}"},"query-input":{"@type":"PropertyValueSpecification","valueRequired":true,"valueName":"search_term_string"}}],"inLanguage":"de"},{"@type":"Organization","@id":"https:\/\/ifboutiquehotel.com\/#organization","name":"ifboutiquehotel","url":"https:\/\/ifboutiquehotel.com\/","logo":{"@type":"ImageObject","inLanguage":"de","@id":"https:\/\/ifboutiquehotel.com\/#\/schema\/logo\/image\/","url":"https:\/\/ifboutiquehotel.com\/wp-content\/uploads\/sites\/3\/2025\/11\/imgi_1_site-logo.svg","contentUrl":"https:\/\/ifboutiquehotel.com\/wp-content\/uploads\/sites\/3\/2025\/11\/imgi_1_site-logo.svg","width":438,"height":576,"caption":"ifboutiquehotel"},"image":{"@id":"https:\/\/ifboutiquehotel.com\/#\/schema\/logo\/image\/"}}]}},"_links":{"self":[{"href":"https:\/\/ifboutiquehotel.com\/de\/wp-json\/wp\/v2\/pages\/59","targetHints":{"allow":["GET"]}}],"collection":[{"href":"https:\/\/ifboutiquehotel.com\/de\/wp-json\/wp\/v2\/pages"}],"about":[{"href":"https:\/\/ifboutiquehotel.com\/de\/wp-json\/wp\/v2\/types\/page"}],"author":[{"embeddable":true,"href":"https:\/\/ifboutiquehotel.com\/de\/wp-json\/wp\/v2\/users\/1"}],"replies":[{"embeddable":true,"href":"https:\/\/ifboutiquehotel.com\/de\/wp-json\/wp\/v2\/comments?post=59"}],"version-history":[{"count":35,"href":"https:\/\/ifboutiquehotel.com\/de\/wp-json\/wp\/v2\/pages\/59\/revisions"}],"predecessor-version":[{"id":683,"href":"https:\/\/ifboutiquehotel.com\/de\/wp-json\/wp\/v2\/pages\/59\/revisions\/683"}],"wp:attachment":[{"href":"https:\/\/ifboutiquehotel.com\/de\/wp-json\/wp\/v2\/media?parent=59"}],"curies":[{"name":"wp","href":"https:\/\/api.w.org\/{rel}","templated":true}]}}