{"id":431,"date":"2025-12-07T16:29:46","date_gmt":"2025-12-07T16:29:46","guid":{"rendered":"https:\/\/ifboutiquehotel.rezxs.com\/?page_id=431"},"modified":"2026-02-13T12:50:36","modified_gmt":"2026-02-13T12:50:36","slug":"cookies","status":"publish","type":"page","link":"https:\/\/ifboutiquehotel.com\/de\/cookies\/","title":{"rendered":"Keks Beleid"},"content":{"rendered":"<div data-elementor-type=\"wp-page\" data-elementor-id=\"431\" class=\"elementor elementor-431\" data-elementor-post-type=\"page\">\n\t\t\t\t<div class=\"elementor-element elementor-element-bee494a e-flex e-con-boxed e-con e-parent\" data-id=\"bee494a\" data-element_type=\"container\" data-e-type=\"container\">\n\t\t\t\t\t<div class=\"e-con-inner\">\n\t\t\t\t<div class=\"elementor-element elementor-element-6a056dd elementor-widget elementor-widget-text-editor\" data-id=\"6a056dd\" data-element_type=\"widget\" data-e-type=\"widget\" data-widget_type=\"text-editor.default\">\n\t\t\t\t\t\t\t\t\t<p>Cookiebeleid voor IfBoutiquehotel.nl<br \/>G\u00fcltig bis: 07\/12\/2025<\/p><p>1. Was sind Cookies?<br \/>Auf der Website von IfBoutiquehotel.nl verwenden wir Cookies und verifizierbare Techniken. Ein Cookie ist ein kleiner, aussagekr\u00e4ftiger Technologiebestandteil, der bei einem Besuch unserer Website auf dem Bildschirm Ihres Computers, Tablets oder Telefons angezeigt wird. Die dort abgelegten Informationen k\u00f6nnen nach einer vollst\u00e4ndigen Abfrage an unsere Server oder die der betreffenden Parteien weitergeleitet werden.<\/p><p>2. Welche Cookies verwenden wir?<br \/>Wir unterscheiden zwischen verschillenden Arten von Cookies:<\/p><p>A. Functionele (Noodzakelijke) Kekse<br \/>Diese Cookies sind technisch notwendig, damit die Website gut funktioniert. Ohne diese Cookies funktioniert die Website nicht optimal.<\/p><p>Doel: Unter Ber\u00fccksichtigung des Aufladens der Daten in der Datenbank, der ausgew\u00e4hlten Daten in der Datenbank oder des Aufladens der Winkelmandate im Rahmen des Buchungsvorgangs.<\/p><p>Toestemming: F\u00fcr diese Cookies gibt es keine Begrenzungen.<\/p><p>B. Analytische Cookies<br \/>Mit diesen Cookies k\u00f6nnen wir die Nutzung unserer Website verbessern. Hierdurch k\u00f6nnen wir die Qualit\u00e4t und Effektivit\u00e4t unserer Website verbessern.<\/p><p>Google Analytics: Wir verwenden Google Analytics, um zu sehen, wie die Besucher unsere Website nutzen (z.B. welche Seiten am h\u00e4ufigsten aufgerufen werden). Wir haben Google Analytics datenschutzfreundlich durch die Handhabung der Autorit\u00e4t Persoonsgegevens integriert.<\/p><p>Bewaartermijn: Gegevens wurden automatisch verwijderd na een aantal maanden.<\/p><p>C. Marketing &amp; Tracking Cookies<br \/>Diese Cookies werden verwendet, um den Nutzern die M\u00f6glichkeit zu geben, die verschiedenen Websites zu besuchen. Ziel ist es, Werbung zu schalten, die f\u00fcr den einzelnen Nutzer relevant ist.<\/p><p>Soziale Medien: Auf unserer Website k\u00f6nnen Schaltfl\u00e4chen zum Promoten (Liken) von Webseiten oder zum Ver\u00f6ffentlichen in sozialen Netzwerken wie Instagram und Facebook eingef\u00fcgt werden. Diese Buttons werden mit Hilfe von Codes erstellt, die in den sozialen Netzwerken selbst verwendet werden k\u00f6nnen. Mit Hilfe dieses Codes wurden Cookies platziert.<\/p><p>Abw\u00e4gung: Wij plaatsen deze cookies alleen als je ons daar expliciet toestemming voor hebt gegeven via de cookiebanner.<\/p><p>3. Het reserveringssysteem<br \/>Wenn Sie ein Zimmer buchen m\u00f6chten, m\u00fcssen Sie unsere Webseite aufrufen und in die Umgebung unserer Buchungsmaschine (z.B. Mews, SmartHotel oder ein anderes System) wechseln. Auch diese Parteien setzen Cookies ein, um die Buchungen fehlerfrei und korrekt ablaufen zu lassen.<\/p><p>4. Einf\u00fcgen und Verwalten von Cookies<br \/>Bei Ihrem ersten Besuch auf unserer Website informieren wir Sie \u00fcber diese Cookies und geben Ihnen die M\u00f6glichkeit, diese zu platzieren (\u00fcber den Cookiebanner).<\/p><p>Sie m\u00fcssen Ihren Internetbrowser so einstellen, dass diese Cookies nicht mehr verwendet werden k\u00f6nnen. Daher k\u00f6nnen Sie auch alle Informationen, die \u00fcber die Einstellungen Ihres Browsers zur Verf\u00fcgung gestellt werden, verwirken.<\/p><p>Chrom<\/p><p>Firefox<\/p><p>Safari<\/p><p>Kante<\/p><p>Lassen Sie auf: Als je cookies uitschakelt, kan het zijn dat sommige functies (zoals het afronden van een boeking) niet meer goed werken.<\/p><p>5. Wijzigingen<br \/>Wir k\u00f6nnen dieses Cookie von Zeit zu Zeit \u00e4ndern, wenn unsere Website oder die Cookie-Regelung dies zulassen. Wir empfehlen Ihnen, diese Seite regelm\u00e4\u00dfig zu besuchen.<\/p><p>6. Kontakt<br \/>Haben Sie Fragen zu unseren Cookies? Dann nehmen Sie doch einfach Kontakt mit uns auf.<\/p>\t\t\t\t\t\t\t\t<\/div>\n\t\t\t\t\t<\/div>\n\t\t\t\t<\/div>\n\t\t<div class=\"elementor-element elementor-element-b6e9c3a e-flex e-con-boxed e-con e-parent\" data-id=\"b6e9c3a\" data-element_type=\"container\" data-e-type=\"container\">\n\t\t\t\t\t<div class=\"e-con-inner\">\n\t\t\t\t<div class=\"elementor-element elementor-element-65cf0b6 elementor-widget elementor-widget-global elementor-global-657 elementor-widget-html\" data-id=\"65cf0b6\" data-element_type=\"widget\" data-e-type=\"widget\" data-widget_type=\"html.default\">\n\t\t\t\t\t<script async\n  src=\"https:\/\/webchat.runnr.ai\/chat\/chat-widget.js\"\n  type=\"application\/javascript\"\n  data-widget=\"chat\"\n  data-title=\"Chat with If boutique hotel\"\n  data-btn-title=\"Chat with us\"\n  data-primary-color=\"#C1AD7B\"\n  crossorigin=\"anonymous\">\n<\/script>\t\t\t\t<\/div>\n\t\t\t\t\t<\/div>\n\t\t\t\t<\/div>\n\t\t\t\t<\/div>","protected":false},"excerpt":{"rendered":"<p>Cookiebeleid voor IfBoutiquehotel.nlLaatst bijgewerkt op: 07\/12\/2025 1. Wat zijn cookies?Op de website van IfBoutiquehotel.nl maken wij gebruik van cookies en vergelijkbare technieken. Een cookie is een klein, eenvoudig tekstbestandje dat bij een bezoek aan onze website op de harde schijf van je computer, tablet of telefoon wordt opgeslagen. De daarin opgeslagen informatie kan bij een [&hellip;]<\/p>\n","protected":false},"author":1,"featured_media":0,"parent":0,"menu_order":0,"comment_status":"closed","ping_status":"closed","template":"","meta":{"footnotes":""},"class_list":["post-431","page","type-page","status-publish","hentry"],"yoast_head":"<!-- This site is optimized with the Yoast SEO plugin v27.3 - https:\/\/yoast.com\/product\/yoast-seo-wordpress\/ -->\n<title>Cookie Beleid - ifboutiquehotel<\/title>\n<meta name=\"robots\" content=\"index, follow, max-snippet:-1, max-image-preview:large, max-video-preview:-1\" \/>\n<link rel=\"canonical\" href=\"https:\/\/ifboutiquehotel.com\/de\/cookies\/\" \/>\n<meta property=\"og:locale\" content=\"de_DE\" \/>\n<meta property=\"og:type\" content=\"article\" \/>\n<meta property=\"og:title\" content=\"Cookie Beleid - ifboutiquehotel\" \/>\n<meta property=\"og:description\" content=\"Cookiebeleid voor IfBoutiquehotel.nlLaatst bijgewerkt op: 07\/12\/2025 1. Wat zijn cookies?Op de website van IfBoutiquehotel.nl maken wij gebruik van cookies en vergelijkbare technieken. Een cookie is een klein, eenvoudig tekstbestandje dat bij een bezoek aan onze website op de harde schijf van je computer, tablet of telefoon wordt opgeslagen. De daarin opgeslagen informatie kan bij een [&hellip;]\" \/>\n<meta property=\"og:url\" content=\"https:\/\/ifboutiquehotel.com\/de\/cookies\/\" \/>\n<meta property=\"og:site_name\" content=\"ifboutiquehotel\" \/>\n<meta property=\"article:modified_time\" content=\"2026-02-13T12:50:36+00:00\" \/>\n<meta name=\"twitter:card\" content=\"summary_large_image\" \/>\n<meta name=\"twitter:label1\" content=\"Gesch\u00e4tzte Lesezeit\" \/>\n\t<meta name=\"twitter:data1\" content=\"3\u00a0Minuten\" \/>\n<script type=\"application\/ld+json\" class=\"yoast-schema-graph\">{\"@context\":\"https:\\\/\\\/schema.org\",\"@graph\":[{\"@type\":\"WebPage\",\"@id\":\"https:\\\/\\\/ifboutiquehotel.com\\\/cookies\\\/\",\"url\":\"https:\\\/\\\/ifboutiquehotel.com\\\/cookies\\\/\",\"name\":\"Cookie Beleid - ifboutiquehotel\",\"isPartOf\":{\"@id\":\"https:\\\/\\\/ifboutiquehotel.com\\\/#website\"},\"datePublished\":\"2025-12-07T16:29:46+00:00\",\"dateModified\":\"2026-02-13T12:50:36+00:00\",\"breadcrumb\":{\"@id\":\"https:\\\/\\\/ifboutiquehotel.com\\\/cookies\\\/#breadcrumb\"},\"inLanguage\":\"de\",\"potentialAction\":[{\"@type\":\"ReadAction\",\"target\":[\"https:\\\/\\\/ifboutiquehotel.com\\\/cookies\\\/\"]}]},{\"@type\":\"BreadcrumbList\",\"@id\":\"https:\\\/\\\/ifboutiquehotel.com\\\/cookies\\\/#breadcrumb\",\"itemListElement\":[{\"@type\":\"ListItem\",\"position\":1,\"name\":\"Home\",\"item\":\"https:\\\/\\\/ifboutiquehotel.com\\\/\"},{\"@type\":\"ListItem\",\"position\":2,\"name\":\"Cookie Beleid\"}]},{\"@type\":\"WebSite\",\"@id\":\"https:\\\/\\\/ifboutiquehotel.com\\\/#website\",\"url\":\"https:\\\/\\\/ifboutiquehotel.com\\\/\",\"name\":\"ifboutiquehotel\",\"description\":\"\",\"publisher\":{\"@id\":\"https:\\\/\\\/ifboutiquehotel.com\\\/#organization\"},\"potentialAction\":[{\"@type\":\"SearchAction\",\"target\":{\"@type\":\"EntryPoint\",\"urlTemplate\":\"https:\\\/\\\/ifboutiquehotel.com\\\/?s={search_term_string}\"},\"query-input\":{\"@type\":\"PropertyValueSpecification\",\"valueRequired\":true,\"valueName\":\"search_term_string\"}}],\"inLanguage\":\"de\"},{\"@type\":\"Organization\",\"@id\":\"https:\\\/\\\/ifboutiquehotel.com\\\/#organization\",\"name\":\"ifboutiquehotel\",\"url\":\"https:\\\/\\\/ifboutiquehotel.com\\\/\",\"logo\":{\"@type\":\"ImageObject\",\"inLanguage\":\"de\",\"@id\":\"https:\\\/\\\/ifboutiquehotel.com\\\/#\\\/schema\\\/logo\\\/image\\\/\",\"url\":\"https:\\\/\\\/ifboutiquehotel.com\\\/wp-content\\\/uploads\\\/sites\\\/3\\\/2025\\\/11\\\/imgi_1_site-logo.svg\",\"contentUrl\":\"https:\\\/\\\/ifboutiquehotel.com\\\/wp-content\\\/uploads\\\/sites\\\/3\\\/2025\\\/11\\\/imgi_1_site-logo.svg\",\"width\":438,\"height\":576,\"caption\":\"ifboutiquehotel\"},\"image\":{\"@id\":\"https:\\\/\\\/ifboutiquehotel.com\\\/#\\\/schema\\\/logo\\\/image\\\/\"}}]}<\/script>\n<!-- \/ Yoast SEO plugin. -->","yoast_head_json":{"title":"Cookie Beleid - ifboutiquehotel","robots":{"index":"index","follow":"follow","max-snippet":"max-snippet:-1","max-image-preview":"max-image-preview:large","max-video-preview":"max-video-preview:-1"},"canonical":"https:\/\/ifboutiquehotel.com\/de\/cookies\/","og_locale":"de_DE","og_type":"article","og_title":"Cookie Beleid - ifboutiquehotel","og_description":"Cookiebeleid voor IfBoutiquehotel.nlLaatst bijgewerkt op: 07\/12\/2025 1. Wat zijn cookies?Op de website van IfBoutiquehotel.nl maken wij gebruik van cookies en vergelijkbare technieken. Een cookie is een klein, eenvoudig tekstbestandje dat bij een bezoek aan onze website op de harde schijf van je computer, tablet of telefoon wordt opgeslagen. De daarin opgeslagen informatie kan bij een [&hellip;]","og_url":"https:\/\/ifboutiquehotel.com\/de\/cookies\/","og_site_name":"ifboutiquehotel","article_modified_time":"2026-02-13T12:50:36+00:00","twitter_card":"summary_large_image","twitter_misc":{"Gesch\u00e4tzte Lesezeit":"3\u00a0Minuten"},"schema":{"@context":"https:\/\/schema.org","@graph":[{"@type":"WebPage","@id":"https:\/\/ifboutiquehotel.com\/cookies\/","url":"https:\/\/ifboutiquehotel.com\/cookies\/","name":"Cookie Beleid - ifboutiquehotel","isPartOf":{"@id":"https:\/\/ifboutiquehotel.com\/#website"},"datePublished":"2025-12-07T16:29:46+00:00","dateModified":"2026-02-13T12:50:36+00:00","breadcrumb":{"@id":"https:\/\/ifboutiquehotel.com\/cookies\/#breadcrumb"},"inLanguage":"de","potentialAction":[{"@type":"ReadAction","target":["https:\/\/ifboutiquehotel.com\/cookies\/"]}]},{"@type":"BreadcrumbList","@id":"https:\/\/ifboutiquehotel.com\/cookies\/#breadcrumb","itemListElement":[{"@type":"ListItem","position":1,"name":"Home","item":"https:\/\/ifboutiquehotel.com\/"},{"@type":"ListItem","position":2,"name":"Cookie Beleid"}]},{"@type":"WebSite","@id":"https:\/\/ifboutiquehotel.com\/#website","url":"https:\/\/ifboutiquehotel.com\/","name":"ifboutiquehotel","description":"","publisher":{"@id":"https:\/\/ifboutiquehotel.com\/#organization"},"potentialAction":[{"@type":"SearchAction","target":{"@type":"EntryPoint","urlTemplate":"https:\/\/ifboutiquehotel.com\/?s={search_term_string}"},"query-input":{"@type":"PropertyValueSpecification","valueRequired":true,"valueName":"search_term_string"}}],"inLanguage":"de"},{"@type":"Organization","@id":"https:\/\/ifboutiquehotel.com\/#organization","name":"ifboutiquehotel","url":"https:\/\/ifboutiquehotel.com\/","logo":{"@type":"ImageObject","inLanguage":"de","@id":"https:\/\/ifboutiquehotel.com\/#\/schema\/logo\/image\/","url":"https:\/\/ifboutiquehotel.com\/wp-content\/uploads\/sites\/3\/2025\/11\/imgi_1_site-logo.svg","contentUrl":"https:\/\/ifboutiquehotel.com\/wp-content\/uploads\/sites\/3\/2025\/11\/imgi_1_site-logo.svg","width":438,"height":576,"caption":"ifboutiquehotel"},"image":{"@id":"https:\/\/ifboutiquehotel.com\/#\/schema\/logo\/image\/"}}]}},"_links":{"self":[{"href":"https:\/\/ifboutiquehotel.com\/de\/wp-json\/wp\/v2\/pages\/431","targetHints":{"allow":["GET"]}}],"collection":[{"href":"https:\/\/ifboutiquehotel.com\/de\/wp-json\/wp\/v2\/pages"}],"about":[{"href":"https:\/\/ifboutiquehotel.com\/de\/wp-json\/wp\/v2\/types\/page"}],"author":[{"embeddable":true,"href":"https:\/\/ifboutiquehotel.com\/de\/wp-json\/wp\/v2\/users\/1"}],"replies":[{"embeddable":true,"href":"https:\/\/ifboutiquehotel.com\/de\/wp-json\/wp\/v2\/comments?post=431"}],"version-history":[{"count":10,"href":"https:\/\/ifboutiquehotel.com\/de\/wp-json\/wp\/v2\/pages\/431\/revisions"}],"predecessor-version":[{"id":671,"href":"https:\/\/ifboutiquehotel.com\/de\/wp-json\/wp\/v2\/pages\/431\/revisions\/671"}],"wp:attachment":[{"href":"https:\/\/ifboutiquehotel.com\/de\/wp-json\/wp\/v2\/media?parent=431"}],"curies":[{"name":"wp","href":"https:\/\/api.w.org\/{rel}","templated":true}]}}